{"id":57664,"date":"2026-03-30T15:30:00","date_gmt":"2026-03-30T13:30:00","guid":{"rendered":"https:\/\/socialgoodaccelerator.eu\/?page_id=57664"},"modified":"2026-03-30T15:30:10","modified_gmt":"2026-03-30T13:30:10","slug":"faq","status":"publish","type":"page","link":"https:\/\/socialgoodaccelerator.eu\/fr\/faq\/","title":{"rendered":"FAQ"},"content":{"rendered":"[et_pb_section fb_built=&#8221;1&#8243; _builder_version=&#8221;4.27.4&#8243; _module_preset=&#8221;default&#8221; da_disable_devices=&#8221;off|off|off&#8221; global_colors_info=&#8221;{}&#8221; theme_builder_area=&#8221;post_content&#8221; da_is_popup=&#8221;off&#8221; da_exit_intent=&#8221;off&#8221; da_has_close=&#8221;on&#8221; da_alt_close=&#8221;off&#8221; da_dark_close=&#8221;off&#8221; da_not_modal=&#8221;on&#8221; da_is_singular=&#8221;off&#8221; da_with_loader=&#8221;off&#8221; da_has_shadow=&#8221;on&#8221;][et_pb_row _builder_version=&#8221;4.27.4&#8243; _module_preset=&#8221;_initial&#8221; global_colors_info=&#8221;{}&#8221; theme_builder_area=&#8221;post_content&#8221;][et_pb_column type=&#8221;4_4&#8243; _builder_version=&#8221;4.27.4&#8243; _module_preset=&#8221;default&#8221; global_colors_info=&#8221;{}&#8221; theme_builder_area=&#8221;post_content&#8221;][et_pb_heading title=&#8221;FAQ &#8211; Tout savoir sur le Social Good Accelerator&#8221; _builder_version=&#8221;4.27.4&#8243; _module_preset=&#8221;default&#8221; title_text_color=&#8221;gcid-secondary-color&#8221; custom_margin=&#8221;|12px||12px|false|true&#8221; global_colors_info=&#8221;{%22gcid-secondary-color%22:%91%22title_text_color%22%93}&#8221; theme_builder_area=&#8221;post_content&#8221;][\/et_pb_heading][et_pb_heading title=&#8221;\u00c0 propos de SOGA&#8221; _builder_version=&#8221;4.27.4&#8243; _module_preset=&#8221;default&#8221; title_level=&#8221;h2&#8243; custom_margin=&#8221;|12px||12px|false|true&#8221; global_colors_info=&#8221;{}&#8221; theme_builder_area=&#8221;post_content&#8221;][\/et_pb_heading][et_pb_accordion _builder_version=&#8221;4.27.4&#8243; _module_preset=&#8221;default&#8221; custom_margin=&#8221;|12px||12px|false|true&#8221; border_radii=&#8221;on|30px|30px|30px|30px&#8221; global_colors_info=&#8221;{}&#8221; theme_builder_area=&#8221;post_content&#8221;][et_pb_accordion_item title=&#8221;Qu&#8217;est-ce que le Social Good Accelerator (SOGA) ?&#8221; open=&#8221;on&#8221; _builder_version=&#8221;4.27.4&#8243; _module_preset=&#8221;default&#8221; global_colors_info=&#8221;{}&#8221; theme_builder_area=&#8221;post_content&#8221;]<p>Le SOGA est une association (loi 1901) franco-europ\u00e9enne qui f\u00e9d\u00e8re les acteurs de l\u2019\u00c9conomie Sociale et Solidaire (ESS) num\u00e9rique. Nous promouvons un num\u00e9rique \u00e9thique, inclusif et souverain en Europe \u00e0 travers des projets collaboratifs, de la recherche et du plaidoyer.<\/p>[\/et_pb_accordion_item][et_pb_accordion_item title=&#8221;Qu&#8217;est-ce que l&#8217;ESS num\u00e9rique ?&#8221; _builder_version=&#8221;4.27.4&#8243; _module_preset=&#8221;default&#8221; global_colors_info=&#8221;{}&#8221; theme_builder_area=&#8221;post_content&#8221; open=&#8221;off&#8221;]<p>L\u2019ESS num\u00e9rique regroupe les organisations qui d\u00e9veloppent ou utilisent des solutions num\u00e9riques au service de l\u2019int\u00e9r\u00eat g\u00e9n\u00e9ral, en privil\u00e9giant la coop\u00e9ration, la transparence et l\u2019impact social.<\/p>[\/et_pb_accordion_item][et_pb_accordion_item title=&#8221;En quoi \u00eates-vous diff\u00e9rents des autres actrices et acteurs du num\u00e9rique ?&#8221; _builder_version=&#8221;4.27.4&#8243; _module_preset=&#8221;default&#8221; global_colors_info=&#8221;{}&#8221; theme_builder_area=&#8221;post_content&#8221; open=&#8221;off&#8221;]<p>Nous pla\u00e7ons les valeurs sociales et environnementales au c\u0153ur de l\u2019innovation. Nos actions sont port\u00e9es par un r\u00e9seau europ\u00e9en, loin des logiques purement commerciales ou extractives des g\u00e9ants du num\u00e9rique.<\/p>[\/et_pb_accordion_item][\/et_pb_accordion][et_pb_heading title=&#8221;Adh\u00e9sion et soutien&#8221; _builder_version=&#8221;4.27.4&#8243; _module_preset=&#8221;default&#8221; title_level=&#8221;h2&#8243; custom_margin=&#8221;|12px||12px|false|true&#8221; global_colors_info=&#8221;{}&#8221; theme_builder_area=&#8221;post_content&#8221;][\/et_pb_heading][et_pb_accordion _builder_version=&#8221;4.27.4&#8243; _module_preset=&#8221;default&#8221; custom_margin=&#8221;|12px||12px|false|true&#8221; border_radii=&#8221;on|30px|30px|30px|30px&#8221; global_colors_info=&#8221;{}&#8221; theme_builder_area=&#8221;post_content&#8221;][et_pb_accordion_item title=&#8221;Qui peut adh\u00e9rer au SOGA ?&#8221; open=&#8221;on&#8221; _builder_version=&#8221;4.27.4&#8243; _module_preset=&#8221;default&#8221; global_colors_info=&#8221;{}&#8221; theme_builder_area=&#8221;post_content&#8221;]<p>Toute structure ou personne partageant nos valeurs : associations, coop\u00e9ratives, entreprises \u00e0 impact, chercheurs, citoyens engag\u00e9s.<\/p>[\/et_pb_accordion_item][et_pb_accordion_item title=&#8221;Quels sont les avantages d&#8217;\u00eatre membre ?&#8221; _builder_version=&#8221;4.27.4&#8243; _module_preset=&#8221;default&#8221; global_colors_info=&#8221;{}&#8221; theme_builder_area=&#8221;post_content&#8221; open=&#8221;off&#8221;]<ul>\n<li>Acc\u00e8s \u00e0 notre r\u00e9seau europ\u00e9en,<\/li>\n<li>participation \u00e0 la gouvernance,<\/li>\n<li>contribution aux projets collectifs,<\/li>\n<li>acc\u00e8s \u00e0 des ressources et \u00e9v\u00e9nements r\u00e9serv\u00e9s.<\/li>\n<\/ul>[\/et_pb_accordion_item][et_pb_accordion_item title=&#8221;Disposez-vous d&#8217;un simulateur d&#8217;adh\u00e9sion ?&#8221; _builder_version=&#8221;4.27.4&#8243; _module_preset=&#8221;default&#8221; global_colors_info=&#8221;{}&#8221; theme_builder_area=&#8221;post_content&#8221; open=&#8221;off&#8221;]<p>Oui, le SOGA dispose d&#8217;un simulateur qui permet de calculer le montant personnalis\u00e9 de votre adh\u00e9sion. Il tient compte de votre situation.<\/p>[\/et_pb_accordion_item][et_pb_accordion_item title=&#8221;Puis-je soutenir sans adh\u00e9rer ?&#8221; _builder_version=&#8221;4.27.4&#8243; _module_preset=&#8221;default&#8221; global_colors_info=&#8221;{}&#8221; theme_builder_area=&#8221;post_content&#8221; open=&#8221;off&#8221;]<p>Oui, via un <a href=\"https:\/\/www.helloasso.com\/associations\/social-good-accelerator\/formulaires\/5\/widget\">don ponctuel ou r\u00e9gulier<\/a>, d\u00e9fiscalis\u00e9 \u00e0 hauteur de 66 % pour les particuliers et 60 % pour les entreprises.<\/p>[\/et_pb_accordion_item][\/et_pb_accordion][et_pb_heading title=&#8221;Projets et \u00e9v\u00e9nements&#8221; _builder_version=&#8221;4.27.4&#8243; _module_preset=&#8221;default&#8221; title_level=&#8221;h2&#8243; custom_margin=&#8221;|12px||12px|false|true&#8221; global_colors_info=&#8221;{}&#8221; theme_builder_area=&#8221;post_content&#8221;][\/et_pb_heading][et_pb_accordion _builder_version=&#8221;4.27.6&#8243; _module_preset=&#8221;default&#8221; custom_margin=&#8221;|12px||12px|false|true&#8221; hover_enabled=&#8221;0&#8243; border_radii=&#8221;on|30px|30px|30px|30px&#8221; global_colors_info=&#8221;{}&#8221; theme_builder_area=&#8221;post_content&#8221; sticky_enabled=&#8221;0&#8243;][et_pb_accordion_item title=&#8221;Comment puis-je participer \u00e0 vos projets europ\u00e9ens ?&#8221; open=&#8221;on&#8221; _builder_version=&#8221;4.27.6&#8243; _module_preset=&#8221;default&#8221; hover_enabled=&#8221;0&#8243; global_colors_info=&#8221;{}&#8221; theme_builder_area=&#8221;post_content&#8221; sticky_enabled=&#8221;0&#8243;]<p>R\u00e9pondez \u00e0 nos appels \u00e0 participation, ou <a href=\"https:\/\/socialgoodaccelerator.eu\/contact\/\">contactez-nous<\/a> directement pour int\u00e9grer un groupe de travail.<\/p>[\/et_pb_accordion_item][et_pb_accordion_item title=&#8221;Organisez-vous des \u00e9v\u00e9nements ouverts au public ?&#8221; _builder_version=&#8221;4.27.6&#8243; _module_preset=&#8221;default&#8221; hover_enabled=&#8221;0&#8243; global_colors_info=&#8221;{}&#8221; theme_builder_area=&#8221;post_content&#8221; open=&#8221;off&#8221; sticky_enabled=&#8221;0&#8243;]<p>Oui : NEC ESS, <a href=\"https:\/\/socialgoodaccelerator.eu\/cafes-iassos-reprendre-la-main-sur-ia\/\">Caf\u00e9 IAssos<\/a>, hackathons, formations\u2026 Certains sont ouverts \u00e0 tous, d\u2019autres r\u00e9serv\u00e9s \u00e0 nos membres.<\/p>[\/et_pb_accordion_item][\/et_pb_accordion][et_pb_heading title=&#8221;Ressources et outils&#8221; _builder_version=&#8221;4.27.4&#8243; _module_preset=&#8221;default&#8221; title_level=&#8221;h2&#8243; custom_margin=&#8221;|12px||12px|false|true&#8221; global_colors_info=&#8221;{}&#8221; theme_builder_area=&#8221;post_content&#8221;][\/et_pb_heading][et_pb_accordion _builder_version=&#8221;4.27.4&#8243; _module_preset=&#8221;default&#8221; custom_margin=&#8221;|12px||12px|false|true&#8221; border_radii=&#8221;on|30px|30px|30px|30px&#8221; global_colors_info=&#8221;{}&#8221; theme_builder_area=&#8221;post_content&#8221;][et_pb_accordion_item title=&#8221;O\u00f9 trouver vos publications et \u00e9tudes ?&#8221; open=&#8221;on&#8221; _builder_version=&#8221;4.27.4&#8243; _module_preset=&#8221;default&#8221; global_colors_info=&#8221;{}&#8221; theme_builder_area=&#8221;post_content&#8221;]<p>Certaines publications et \u00e9tudes approfondies ne sont disponibles que pour nos membres. Lorsque vous adh\u00e9rez, vous acc\u00e9dez \u00e0 un espace membre o\u00f9 ces ressources sont mises \u00e0 votre disposition.<\/p>[\/et_pb_accordion_item][et_pb_accordion_item title=&#8221;Avez-vous des ressources gratuites sur la transition num\u00e9rique ?&#8221; _builder_version=&#8221;4.27.4&#8243; _module_preset=&#8221;default&#8221; global_colors_info=&#8221;{}&#8221; theme_builder_area=&#8221;post_content&#8221; open=&#8221;off&#8221;]<p>Oui, plusieurs de nos publications, articles de blog et replays d\u2019\u00e9v\u00e9nements sont accessibles librement sur notre site.<\/p>[\/et_pb_accordion_item][\/et_pb_accordion][et_pb_heading title=&#8221;Contact et communication&#8221; _builder_version=&#8221;4.27.4&#8243; _module_preset=&#8221;default&#8221; title_level=&#8221;h2&#8243; custom_margin=&#8221;|12px||12px|false|true&#8221; global_colors_info=&#8221;{}&#8221; theme_builder_area=&#8221;post_content&#8221;][\/et_pb_heading][et_pb_accordion _builder_version=&#8221;4.27.4&#8243; _module_preset=&#8221;default&#8221; custom_margin=&#8221;|12px||12px|false|true&#8221; border_radii=&#8221;on|30px|30px|30px|30px&#8221; global_colors_info=&#8221;{}&#8221; theme_builder_area=&#8221;post_content&#8221;][et_pb_accordion_item title=&#8221;Comment puis-je vous contacter ?&#8221; open=&#8221;on&#8221; _builder_version=&#8221;4.27.4&#8243; _module_preset=&#8221;default&#8221; global_colors_info=&#8221;{}&#8221; theme_builder_area=&#8221;post_content&#8221;]<ul>\n<li>Via notre <a href=\"https:\/\/preprod.socialgoodaccelerator.eu\/page-accueil-social-good-accelerator\/nous-contacter\/\">formulaire de contact<\/a>,<\/li>\n<li>par email \u00e0 : <a class=\"cursor-pointer\" rel=\"noopener\">contact@preprod.socialgoodaccelerator.eu<\/a><\/li>\n<li>ou sur <a href=\"https:\/\/www.linkedin.com\/company\/social-good-accelerator-europe\/\">LinkedIn<\/a>.<\/li>\n<\/ul>[\/et_pb_accordion_item][et_pb_accordion_item title=&#8221;Comment puis-je recevoir vos actualit\u00e9s ?&#8221; _builder_version=&#8221;4.27.4&#8243; _module_preset=&#8221;default&#8221; hover_enabled=&#8221;0&#8243; global_colors_info=&#8221;{}&#8221; theme_builder_area=&#8221;post_content&#8221; open=&#8221;off&#8221; sticky_enabled=&#8221;0&#8243;]<p>Pour suivre nos actualit\u00e9s, abonnez-vous \u00e0 notre newsletter, suivez-nous sur <a href=\"https:\/\/www.linkedin.com\/company\/social-good-accelerator-europe\/\">LinkedIn<\/a> et bient\u00f4t sur Mastodon.<\/p>[\/et_pb_accordion_item][\/et_pb_accordion][et_pb_heading title=&#8221;Autres questions fr\u00e9quentes&#8221; _builder_version=&#8221;4.27.4&#8243; _module_preset=&#8221;default&#8221; title_level=&#8221;h2&#8243; custom_margin=&#8221;|12px||12px|false|true&#8221; global_colors_info=&#8221;{}&#8221; theme_builder_area=&#8221;post_content&#8221;][\/et_pb_heading][et_pb_accordion _builder_version=&#8221;4.27.4&#8243; _module_preset=&#8221;default&#8221; custom_margin=&#8221;|12px||12px|false|true&#8221; border_radii=&#8221;on|30px|30px|30px|30px&#8221; global_colors_info=&#8221;{}&#8221; theme_builder_area=&#8221;post_content&#8221;][et_pb_accordion_item title=&#8221;Comment est financ\u00e9 le SOGA ?&#8221; open=&#8221;on&#8221; _builder_version=&#8221;4.27.4&#8243; _module_preset=&#8221;default&#8221; global_colors_info=&#8221;{}&#8221; theme_builder_area=&#8221;post_content&#8221;]<p>Le SOGA existe gr\u00e2ce aux cotisations de ses membres, aux dons priv\u00e9s et gr\u00e2ce aux financements de projets europ\u00e9ens. Nous ne d\u00e9pendons pas d\u2019acteurs priv\u00e9s dont les pratiques sont contraires \u00e0 nos valeurs.<\/p>[\/et_pb_accordion_item][et_pb_accordion_item title=&#8221;Puis-je r\u00e9utiliser vos contenus ?&#8221; _builder_version=&#8221;4.27.4&#8243; _module_preset=&#8221;default&#8221; global_colors_info=&#8221;{}&#8221; theme_builder_area=&#8221;post_content&#8221; open=&#8221;off&#8221;]<p>Oui, sauf mention contraire, nos publications sont sous licence ouverte (Creative Commons BY-SA).<\/p>[\/et_pb_accordion_item][\/et_pb_accordion][et_pb_heading title=&#8221;Vous n&#8217;avez pas trouv\u00e9 votre r\u00e9ponse ? Contactez-nous !&#8221; _builder_version=&#8221;4.27.4&#8243; _module_preset=&#8221;default&#8221; title_level=&#8221;h2&#8243; custom_margin=&#8221;|12px||12px|false|true&#8221; global_colors_info=&#8221;{}&#8221; theme_builder_area=&#8221;post_content&#8221;][\/et_pb_heading][et_pb_button button_text=&#8221;Contacter SOGA&#8221; _builder_version=&#8221;4.27.6&#8243; _module_preset=&#8221;default&#8221; theme_builder_area=&#8221;post_content&#8221; button_alignment=&#8221;center&#8221; background_layout=&#8221;dark&#8221; custom_button=&#8221;on&#8221; button_border_radius=&#8221;30px&#8221; url_new_window=&#8221;on&#8221; hover_enabled=&#8221;0&#8243; sticky_enabled=&#8221;0&#8243; button_url=&#8221;https:\/\/socialgoodaccelerator.eu\/contact\/&#8221; button_text_color=&#8221;#FFFFFF&#8221; global_colors_info=&#8221;{%22gcid-secondary-color%22:%91%22button_bg_color%22%93}&#8221; button_bg_color=&#8221;gcid-secondary-color&#8221; button_bg_enable_color=&#8221;on&#8221;][\/et_pb_button][\/et_pb_column][\/et_pb_row][\/et_pb_section]","protected":false},"excerpt":{"rendered":"<p>Le SOGA est une association (loi 1901) franco-europ\u00e9enne qui f\u00e9d\u00e8re les acteurs de l\u2019\u00c9conomie Sociale et Solidaire (ESS) num\u00e9rique. Nous promouvons un num\u00e9rique \u00e9thique, inclusif et souverain en Europe \u00e0 [&hellip;]<\/p>\n","protected":false},"author":1,"featured_media":0,"parent":0,"menu_order":0,"comment_status":"closed","ping_status":"closed","template":"","meta":{"_et_pb_use_builder":"on","_et_pb_old_content":"","_et_gb_content_width":"","jetpack_post_was_ever_published":false,"footnotes":""},"class_list":["post-57664","page","type-page","status-publish","hentry"],"yoast_head":"<!-- This site is optimized with the Yoast SEO plugin v27.3 - https:\/\/yoast.com\/product\/yoast-seo-wordpress\/ -->\n<title>FAQ - SOGA<\/title>\n<meta name=\"description\" content=\"D\u00e9couvrez la FAQ de SOGA : vous vous posez des questions ? Nous avons les r\u00e9ponses !\" \/>\n<meta name=\"robots\" content=\"index, follow, max-snippet:-1, max-image-preview:large, max-video-preview:-1\" \/>\n<link rel=\"canonical\" href=\"https:\/\/socialgoodaccelerator.eu\/fr\/faq\/\" \/>\n<meta property=\"og:locale\" content=\"fr_FR\" \/>\n<meta property=\"og:type\" content=\"article\" \/>\n<meta property=\"og:title\" content=\"FAQ - SOGA\" \/>\n<meta property=\"og:description\" content=\"D\u00e9couvrez la FAQ de SOGA : vous vous posez des questions ? Nous avons les r\u00e9ponses !\" \/>\n<meta property=\"og:url\" content=\"https:\/\/socialgoodaccelerator.eu\/fr\/faq\/\" \/>\n<meta property=\"og:site_name\" content=\"SOGA\" \/>\n<meta property=\"article:publisher\" content=\"https:\/\/www.facebook.com\/SocialGoodAccel.EU\/\" \/>\n<meta property=\"article:modified_time\" content=\"2026-03-30T13:30:10+00:00\" \/>\n<meta name=\"twitter:card\" content=\"summary_large_image\" \/>\n<meta name=\"twitter:label1\" content=\"Dur\u00e9e de lecture estim\u00e9e\" \/>\n\t<meta name=\"twitter:data1\" content=\"3 minutes\" \/>\n<script type=\"application\/ld+json\" class=\"yoast-schema-graph\">{\"@context\":\"https:\\\/\\\/schema.org\",\"@graph\":[{\"@type\":\"WebPage\",\"@id\":\"https:\\\/\\\/socialgoodaccelerator.eu\\\/faq\\\/\",\"url\":\"https:\\\/\\\/socialgoodaccelerator.eu\\\/faq\\\/\",\"name\":\"FAQ - SOGA\",\"isPartOf\":{\"@id\":\"https:\\\/\\\/socialgoodaccelerator.eu\\\/#website\"},\"datePublished\":\"2026-03-30T13:30:00+00:00\",\"dateModified\":\"2026-03-30T13:30:10+00:00\",\"description\":\"D\u00e9couvrez la FAQ de SOGA : vous vous posez des questions ? Nous avons les r\u00e9ponses !\",\"breadcrumb\":{\"@id\":\"https:\\\/\\\/socialgoodaccelerator.eu\\\/faq\\\/#breadcrumb\"},\"inLanguage\":\"fr-FR\",\"potentialAction\":[{\"@type\":\"ReadAction\",\"target\":[\"https:\\\/\\\/socialgoodaccelerator.eu\\\/faq\\\/\"]}]},{\"@type\":\"BreadcrumbList\",\"@id\":\"https:\\\/\\\/socialgoodaccelerator.eu\\\/faq\\\/#breadcrumb\",\"itemListElement\":[{\"@type\":\"ListItem\",\"position\":1,\"name\":\"Accueil\",\"item\":\"https:\\\/\\\/socialgoodaccelerator.eu\\\/\"},{\"@type\":\"ListItem\",\"position\":2,\"name\":\"FAQ\"}]},{\"@type\":\"WebSite\",\"@id\":\"https:\\\/\\\/socialgoodaccelerator.eu\\\/#website\",\"url\":\"https:\\\/\\\/socialgoodaccelerator.eu\\\/\",\"name\":\"Social Good Accelerator\",\"description\":\"Acc\u00e9l\u00e9rer l&#039;ESS num\u00e9rique\",\"publisher\":{\"@id\":\"https:\\\/\\\/socialgoodaccelerator.eu\\\/#organization\"},\"alternateName\":\"SOGA\",\"potentialAction\":[{\"@type\":\"SearchAction\",\"target\":{\"@type\":\"EntryPoint\",\"urlTemplate\":\"https:\\\/\\\/socialgoodaccelerator.eu\\\/?s={search_term_string}\"},\"query-input\":{\"@type\":\"PropertyValueSpecification\",\"valueRequired\":true,\"valueName\":\"search_term_string\"}}],\"inLanguage\":\"fr-FR\"},{\"@type\":\"Organization\",\"@id\":\"https:\\\/\\\/socialgoodaccelerator.eu\\\/#organization\",\"name\":\"Social Good Accelerator\",\"alternateName\":\"SOGA\",\"url\":\"https:\\\/\\\/socialgoodaccelerator.eu\\\/\",\"logo\":{\"@type\":\"ImageObject\",\"inLanguage\":\"fr-FR\",\"@id\":\"https:\\\/\\\/socialgoodaccelerator.eu\\\/#\\\/schema\\\/logo\\\/image\\\/\",\"url\":\"https:\\\/\\\/i0.wp.com\\\/socialgoodaccelerator.eu\\\/wp-content\\\/uploads\\\/2023\\\/10\\\/cropped-LOGO-SOGA-V-FR.png?fit=512%2C512&ssl=1\",\"contentUrl\":\"https:\\\/\\\/i0.wp.com\\\/socialgoodaccelerator.eu\\\/wp-content\\\/uploads\\\/2023\\\/10\\\/cropped-LOGO-SOGA-V-FR.png?fit=512%2C512&ssl=1\",\"width\":512,\"height\":512,\"caption\":\"Social Good Accelerator\"},\"image\":{\"@id\":\"https:\\\/\\\/socialgoodaccelerator.eu\\\/#\\\/schema\\\/logo\\\/image\\\/\"},\"sameAs\":[\"https:\\\/\\\/www.facebook.com\\\/SocialGoodAccel.EU\\\/\",\"https:\\\/\\\/www.youtube.com\\\/@socialgoodaccelerator772\",\"https:\\\/\\\/www.youtube.com\\\/@SocialTechAcademy-eg6hp\"]}]}<\/script>\n<!-- \/ Yoast SEO plugin. -->","yoast_head_json":{"title":"FAQ - SOGA","description":"D\u00e9couvrez la FAQ de SOGA : vous vous posez des questions ? Nous avons les r\u00e9ponses !","robots":{"index":"index","follow":"follow","max-snippet":"max-snippet:-1","max-image-preview":"max-image-preview:large","max-video-preview":"max-video-preview:-1"},"canonical":"https:\/\/socialgoodaccelerator.eu\/fr\/faq\/","og_locale":"fr_FR","og_type":"article","og_title":"FAQ - SOGA","og_description":"D\u00e9couvrez la FAQ de SOGA : vous vous posez des questions ? Nous avons les r\u00e9ponses !","og_url":"https:\/\/socialgoodaccelerator.eu\/fr\/faq\/","og_site_name":"SOGA","article_publisher":"https:\/\/www.facebook.com\/SocialGoodAccel.EU\/","article_modified_time":"2026-03-30T13:30:10+00:00","twitter_card":"summary_large_image","twitter_misc":{"Dur\u00e9e de lecture estim\u00e9e":"3 minutes"},"schema":{"@context":"https:\/\/schema.org","@graph":[{"@type":"WebPage","@id":"https:\/\/socialgoodaccelerator.eu\/faq\/","url":"https:\/\/socialgoodaccelerator.eu\/faq\/","name":"FAQ - SOGA","isPartOf":{"@id":"https:\/\/socialgoodaccelerator.eu\/#website"},"datePublished":"2026-03-30T13:30:00+00:00","dateModified":"2026-03-30T13:30:10+00:00","description":"D\u00e9couvrez la FAQ de SOGA : vous vous posez des questions ? Nous avons les r\u00e9ponses !","breadcrumb":{"@id":"https:\/\/socialgoodaccelerator.eu\/faq\/#breadcrumb"},"inLanguage":"fr-FR","potentialAction":[{"@type":"ReadAction","target":["https:\/\/socialgoodaccelerator.eu\/faq\/"]}]},{"@type":"BreadcrumbList","@id":"https:\/\/socialgoodaccelerator.eu\/faq\/#breadcrumb","itemListElement":[{"@type":"ListItem","position":1,"name":"Accueil","item":"https:\/\/socialgoodaccelerator.eu\/"},{"@type":"ListItem","position":2,"name":"FAQ"}]},{"@type":"WebSite","@id":"https:\/\/socialgoodaccelerator.eu\/#website","url":"https:\/\/socialgoodaccelerator.eu\/","name":"Social Good Accelerator","description":"Acc\u00e9l\u00e9rer l&#039;ESS num\u00e9rique","publisher":{"@id":"https:\/\/socialgoodaccelerator.eu\/#organization"},"alternateName":"SOGA","potentialAction":[{"@type":"SearchAction","target":{"@type":"EntryPoint","urlTemplate":"https:\/\/socialgoodaccelerator.eu\/?s={search_term_string}"},"query-input":{"@type":"PropertyValueSpecification","valueRequired":true,"valueName":"search_term_string"}}],"inLanguage":"fr-FR"},{"@type":"Organization","@id":"https:\/\/socialgoodaccelerator.eu\/#organization","name":"Social Good Accelerator","alternateName":"SOGA","url":"https:\/\/socialgoodaccelerator.eu\/","logo":{"@type":"ImageObject","inLanguage":"fr-FR","@id":"https:\/\/socialgoodaccelerator.eu\/#\/schema\/logo\/image\/","url":"https:\/\/i0.wp.com\/socialgoodaccelerator.eu\/wp-content\/uploads\/2023\/10\/cropped-LOGO-SOGA-V-FR.png?fit=512%2C512&ssl=1","contentUrl":"https:\/\/i0.wp.com\/socialgoodaccelerator.eu\/wp-content\/uploads\/2023\/10\/cropped-LOGO-SOGA-V-FR.png?fit=512%2C512&ssl=1","width":512,"height":512,"caption":"Social Good Accelerator"},"image":{"@id":"https:\/\/socialgoodaccelerator.eu\/#\/schema\/logo\/image\/"},"sameAs":["https:\/\/www.facebook.com\/SocialGoodAccel.EU\/","https:\/\/www.youtube.com\/@socialgoodaccelerator772","https:\/\/www.youtube.com\/@SocialTechAcademy-eg6hp"]}]}},"jetpack_likes_enabled":true,"jetpack-related-posts":[{"id":56397,"url":"https:\/\/socialgoodaccelerator.eu\/fr\/","url_meta":{"origin":57664,"position":0},"title":"A-Homepage","author":"sogaccelerator","date":"10 f\u00e9vrier 2026","format":false,"excerpt":"","rel":"","context":"Article similaire","block_context":{"text":"Article similaire","link":""},"img":{"alt_text":"","src":"","width":0,"height":0},"classes":[]},{"id":54028,"url":"https:\/\/socialgoodaccelerator.eu\/fr\/politique-de-confidentialite-et-cookies\/","url_meta":{"origin":57664,"position":1},"title":"W-Politique de confidentialit\u00e9 &#038; cookies (UE)","author":"sogaccelerator","date":"11 septembre 2025","format":false,"excerpt":"","rel":"","context":"Article similaire","block_context":{"text":"Article similaire","link":""},"img":{"alt_text":"","src":"","width":0,"height":0},"classes":[]},{"id":56837,"url":"https:\/\/socialgoodaccelerator.eu\/fr\/contact\/","url_meta":{"origin":57664,"position":2},"title":"Contacter","author":"sogaccelerator","date":"16 f\u00e9vrier 2026","format":false,"excerpt":"","rel":"","context":"Article similaire","block_context":{"text":"Article similaire","link":""},"img":{"alt_text":"","src":"https:\/\/i0.wp.com\/socialgoodaccelerator.eu\/wp-content\/uploads\/2026\/03\/volodymyr-hryshchenko-V5vqWC9gyEU-unsplash-scaled.jpg?fit=1200%2C800&ssl=1&resize=350%2C200","width":350,"height":200,"srcset":"https:\/\/i0.wp.com\/socialgoodaccelerator.eu\/wp-content\/uploads\/2026\/03\/volodymyr-hryshchenko-V5vqWC9gyEU-unsplash-scaled.jpg?fit=1200%2C800&ssl=1&resize=350%2C200 1x, https:\/\/i0.wp.com\/socialgoodaccelerator.eu\/wp-content\/uploads\/2026\/03\/volodymyr-hryshchenko-V5vqWC9gyEU-unsplash-scaled.jpg?fit=1200%2C800&ssl=1&resize=525%2C300 1.5x, https:\/\/i0.wp.com\/socialgoodaccelerator.eu\/wp-content\/uploads\/2026\/03\/volodymyr-hryshchenko-V5vqWC9gyEU-unsplash-scaled.jpg?fit=1200%2C800&ssl=1&resize=700%2C400 2x, https:\/\/i0.wp.com\/socialgoodaccelerator.eu\/wp-content\/uploads\/2026\/03\/volodymyr-hryshchenko-V5vqWC9gyEU-unsplash-scaled.jpg?fit=1200%2C800&ssl=1&resize=1050%2C600 3x"},"classes":[]},{"id":55708,"url":"https:\/\/socialgoodaccelerator.eu\/fr\/homepage-2\/","url_meta":{"origin":57664,"position":3},"title":"Z-Ancienne Homepage","author":"sogaccelerator","date":"11 septembre 2025","format":false,"excerpt":"","rel":"","context":"Article similaire","block_context":{"text":"Article similaire","link":""},"img":{"alt_text":"","src":"","width":0,"height":0},"classes":[]},{"id":56693,"url":"https:\/\/socialgoodaccelerator.eu\/fr\/nous-reconnecter-a-ce-qui-nous-relie\/","url_meta":{"origin":57664,"position":4},"title":"D-Nous reconnecter \u00e0 ce qui nous relie","author":"sogaccelerator","date":"13 f\u00e9vrier 2026","format":false,"excerpt":"","rel":"","context":"Article similaire","block_context":{"text":"Article similaire","link":""},"img":{"alt_text":"","src":"","width":0,"height":0},"classes":[]},{"id":55924,"url":"https:\/\/socialgoodaccelerator.eu\/fr\/simpliquer\/","url_meta":{"origin":57664,"position":5},"title":"XX-S&#8217;impliquer","author":"sogaccelerator","date":"2 octobre 2025","format":false,"excerpt":"","rel":"","context":"Article similaire","block_context":{"text":"Article similaire","link":""},"img":{"alt_text":"","src":"","width":0,"height":0},"classes":[]}],"jetpack_sharing_enabled":true,"jetpack_shortlink":"https:\/\/wp.me\/P9J6Qk-f04","_links":{"self":[{"href":"https:\/\/socialgoodaccelerator.eu\/fr\/wp-json\/wp\/v2\/pages\/57664","targetHints":{"allow":["GET"]}}],"collection":[{"href":"https:\/\/socialgoodaccelerator.eu\/fr\/wp-json\/wp\/v2\/pages"}],"about":[{"href":"https:\/\/socialgoodaccelerator.eu\/fr\/wp-json\/wp\/v2\/types\/page"}],"author":[{"embeddable":true,"href":"https:\/\/socialgoodaccelerator.eu\/fr\/wp-json\/wp\/v2\/users\/1"}],"replies":[{"embeddable":true,"href":"https:\/\/socialgoodaccelerator.eu\/fr\/wp-json\/wp\/v2\/comments?post=57664"}],"version-history":[{"count":2,"href":"https:\/\/socialgoodaccelerator.eu\/fr\/wp-json\/wp\/v2\/pages\/57664\/revisions"}],"predecessor-version":[{"id":57667,"href":"https:\/\/socialgoodaccelerator.eu\/fr\/wp-json\/wp\/v2\/pages\/57664\/revisions\/57667"}],"wp:attachment":[{"href":"https:\/\/socialgoodaccelerator.eu\/fr\/wp-json\/wp\/v2\/media?parent=57664"}],"curies":[{"name":"wp","href":"https:\/\/api.w.org\/{rel}","templated":true}]}}