{"id":57358,"date":"2026-04-02T14:57:57","date_gmt":"2026-04-02T12:57:57","guid":{"rendered":"https:\/\/socialgoodaccelerator.eu\/?page_id=57358"},"modified":"2026-04-10T10:47:00","modified_gmt":"2026-04-10T08:47:00","slug":"notes-de-positionnement","status":"publish","type":"page","link":"https:\/\/socialgoodaccelerator.eu\/fr\/notes-de-positionnement\/","title":{"rendered":"Notes de positionnement"},"content":{"rendered":"[et_pb_section fb_built=&#8221;1&#8243; admin_label=&#8221;Header&#8221; _builder_version=&#8221;4.16&#8243; _module_preset=&#8221;default&#8221; background_color=&#8221;#f5f3ee&#8221; da_disable_devices=&#8221;off|off|off&#8221; global_colors_info=&#8221;{}&#8221; da_is_popup=&#8221;off&#8221; da_exit_intent=&#8221;off&#8221; da_has_close=&#8221;on&#8221; da_alt_close=&#8221;off&#8221; da_dark_close=&#8221;off&#8221; da_not_modal=&#8221;on&#8221; da_is_singular=&#8221;off&#8221; da_with_loader=&#8221;off&#8221; da_has_shadow=&#8221;on&#8221;][et_pb_row column_structure=&#8221;1_2,1_2&#8243; _builder_version=&#8221;4.16&#8243; _module_preset=&#8221;default&#8221; global_colors_info=&#8221;{}&#8221;][et_pb_column type=&#8221;1_2&#8243; _builder_version=&#8221;4.16&#8243; _module_preset=&#8221;default&#8221; global_colors_info=&#8221;{}&#8221;][et_pb_text _builder_version=&#8221;4.27.6&#8243; _module_preset=&#8221;534cc526-6274-4e31-9e1a-7f18a5947bf1&#8243; header_4_font=&#8221;&#8211;et_global_heading_font|700||on|||||&#8221; header_4_text_color=&#8221;#fba100&#8243; header_4_font_size=&#8221;14px&#8221; header_4_letter_spacing=&#8221;1px&#8221; header_4_line_height=&#8221;1.5em&#8221; header_5_font=&#8221;&#8211;et_global_body_font||||||||&#8221; header_5_font_size=&#8221;13px&#8221; custom_margin=&#8221;||0px||false|false&#8221; header_4_font_size_tablet=&#8221;14px&#8221; header_4_font_size_phone=&#8221;&#8221; header_4_font_size_last_edited=&#8221;on|tablet&#8221; locked=&#8221;off&#8221; global_colors_info=&#8221;{}&#8221;]<h5><a href=\"https:\/\/socialgoodaccelerator.eu\/en_gb\/voice\/\">\u2190 Revenir \u00e0 VOICE<\/a><\/h5>[\/et_pb_text][et_pb_text _builder_version=&#8221;4.27.6&#8243; _module_preset=&#8221;534cc526-6274-4e31-9e1a-7f18a5947bf1&#8243; header_4_font=&#8221;&#8211;et_global_heading_font|700||on|||||&#8221; header_4_text_color=&#8221;#fba100&#8243; header_4_font_size=&#8221;14px&#8221; header_4_letter_spacing=&#8221;1px&#8221; header_4_line_height=&#8221;1.5em&#8221; custom_margin=&#8221;||0px||false|false&#8221; header_4_font_size_tablet=&#8221;14px&#8221; header_4_font_size_phone=&#8221;&#8221; header_4_font_size_last_edited=&#8221;on|tablet&#8221; locked=&#8221;off&#8221; global_colors_info=&#8221;{}&#8221;]<h4>VOICE \u00b7 Analyses et propositions du SOGA sur les grands enjeux du num\u00e9rique et de l&#8217;\u00e9conomie sociale<\/h4>[\/et_pb_text][et_pb_text _builder_version=&#8221;4.27.6&#8243; _module_preset=&#8221;df96b77a-cd4f-44a8-a771-2d6347592b53&#8243; header_line_height=&#8221;1.5em&#8221; header_2_font=&#8221;&#8211;et_global_heading_font||||||||&#8221; header_2_text_color=&#8221;#093532&#8243; header_2_font_size=&#8221;50px&#8221; header_2_letter_spacing=&#8221;-0.02em&#8221; header_2_line_height=&#8221;1.15em&#8221; header_2_font_size_tablet=&#8221;32px&#8221; header_2_font_size_phone=&#8221;20px&#8221; header_2_font_size_last_edited=&#8221;on|desktop&#8221; locked=&#8221;off&#8221; global_colors_info=&#8221;{}&#8221;]<h1 style=\"text-align: left;\">Notes de position<\/h1>[\/et_pb_text][et_pb_text _builder_version=&#8221;4.27.6&#8243; _module_preset=&#8221;5ff55506-da7d-4dd7-b409-9d62c7203201&#8243; text_font=&#8221;&#8211;et_global_body_font||||||||&#8221; text_text_color=&#8221;gcid-body-color&#8221; text_font_size=&#8221;16px&#8221; text_line_height=&#8221;1.6em&#8221; text_font_size_tablet=&#8221;15px&#8221; text_font_size_phone=&#8221;14px&#8221; text_font_size_last_edited=&#8221;on|phone&#8221; header_font_size_tablet=&#8221;55px&#8221; header_font_size_last_edited=&#8221;off|desktop&#8221; locked=&#8221;off&#8221; global_colors_info=&#8221;{%22gcid-body-color%22:%91%22text_text_color%22%93}&#8221;]<p>Le Social Good Accelerator publie r\u00e9guli\u00e8rement des notes de position afin d\u2019\u00e9clairer les d\u00e9bats publics et les politiques num\u00e9riques \u00e0 l\u2019\u00e9chelle nationale et europ\u00e9enne.<br data-start=\"693\" data-end=\"696\" \/>Ces documents synth\u00e9tisent nos analyses, nos propositions et les retours d\u2019exp\u00e9rience issus de nos projets, de nos recherches et de nos \u00e9changes avec les acteurs de terrain.<\/p>[\/et_pb_text][\/et_pb_column][et_pb_column type=&#8221;1_2&#8243; _builder_version=&#8221;4.16&#8243; _module_preset=&#8221;default&#8221; global_colors_info=&#8221;{}&#8221;][et_pb_image src=&#8221;http:\/\/socialgoodaccelerator.eu\/wp-content\/uploads\/2025\/10\/SOGA-NEC-ESS-EUROPE-2023-PARIS-Wlad-Simitch-335-scaled.jpg&#8221; alt=&#8221;Cr\u00e9dits @Wladimir Simitch&#8221; title_text=&#8221;Notes de position&#8221; _builder_version=&#8221;4.27.6&#8243; _module_preset=&#8221;default&#8221; border_radii=&#8221;on|30px|30px|30px|30px&#8221; locked=&#8221;off&#8221; global_colors_info=&#8221;{}&#8221;][\/et_pb_image][\/et_pb_column][\/et_pb_row][\/et_pb_section][et_pb_section fb_built=&#8221;1&#8243; _builder_version=&#8221;4.27.5&#8243; _module_preset=&#8221;default&#8221; background_color=&#8221;#f5f3ee&#8221; da_disable_devices=&#8221;off|off|off&#8221; global_colors_info=&#8221;{}&#8221; da_is_popup=&#8221;off&#8221; da_exit_intent=&#8221;off&#8221; da_has_close=&#8221;on&#8221; da_alt_close=&#8221;off&#8221; da_dark_close=&#8221;off&#8221; da_not_modal=&#8221;on&#8221; da_is_singular=&#8221;off&#8221; da_with_loader=&#8221;off&#8221; da_has_shadow=&#8221;on&#8221;][et_pb_row _builder_version=&#8221;4.27.5&#8243; _module_preset=&#8221;default&#8221; global_colors_info=&#8221;{}&#8221;][et_pb_column type=&#8221;4_4&#8243; _builder_version=&#8221;4.27.5&#8243; _module_preset=&#8221;default&#8221; global_colors_info=&#8221;{}&#8221;][et_pb_heading title=&#8221;Nos notes de positionnement&#8221; _builder_version=&#8221;4.27.6&#8243; _module_preset=&#8221;default&#8221; title_level=&#8221;h2&#8243; global_colors_info=&#8221;{}&#8221;][\/et_pb_heading][et_pb_blog fullwidth=&#8221;off&#8221; include_categories=&#8221;443&#8243; meta_date=&#8221;j M Y&#8221; show_thumbnail=&#8221;off&#8221; show_more=&#8221;on&#8221; show_author=&#8221;off&#8221; show_categories=&#8221;off&#8221; use_overlay=&#8221;on&#8221; _builder_version=&#8221;4.27.6&#8243; _module_preset=&#8221;default&#8221; header_level=&#8221;h3&#8243; header_text_align=&#8221;left&#8221; header_line_height=&#8221;1.5em&#8221; body_text_color=&#8221;gcid-body-color&#8221; body_font_size=&#8221;17px&#8221; body_line_height=&#8221;1.5em&#8221; meta_font=&#8221;&#8211;et_global_heading_font||||||||&#8221; meta_text_color=&#8221;#FBA100&#8243; read_more_font=&#8221;&#8211;et_global_heading_font|500||on|||||&#8221; read_more_text_color=&#8221;#FBA100&#8243; text_orientation=&#8221;justified&#8221; module_alignment=&#8221;center&#8221; custom_margin=&#8221;28px|28px|28px|28px|true|true&#8221; custom_padding=&#8221;0px|0px|0px|0px|false|false&#8221; border_radii=&#8221;on|30px|30px|30px|30px&#8221; border_radii_image=&#8221;on|30px|30px|30px|30px&#8221; box_shadow_style=&#8221;preset2&#8243; global_colors_info=&#8221;{%22gcid-body-color%22:%91%22body_text_color%22%93}&#8221;][\/et_pb_blog][ba_dual_button btn_alignment=&#8221;center&#8221; btn_a_text=&#8221;Nos tribunes&#8221; btn_a_link=&#8221;https:\/\/socialgoodaccelerator.eu\/tribunes-interventions-mediatiques\/&#8221; btn_a_link_target=&#8221;_blank&#8221; btn_b_text=&#8221;Nos contributions&#8221; btn_b_link=&#8221;https:\/\/socialgoodaccelerator.eu\/contributions-institutionnelles\/&#8221; btn_b_link_target=&#8221;_blank&#8221; button_gap=&#8221;10px&#8221; _builder_version=&#8221;4.27.6&#8243; _module_preset=&#8221;default&#8221; custom_btn_a=&#8221;on&#8221; btn_a_text_size=&#8221;1rem&#8221; btn_a_text_color=&#8221;#ffffff&#8221; btn_a_bg_color=&#8221;#FBA100&#8243; btn_a_border_color=&#8221;RGBA(255,255,255,0)&#8221; btn_a_border_radius=&#8221;50px&#8221; btn_a_use_icon=&#8221;off&#8221; custom_btn_b=&#8221;on&#8221; btn_b_text_size=&#8221;1rem&#8221; btn_b_text_color=&#8221;#FBA100&#8243; btn_b_bg_color=&#8221;#ffffff&#8221; btn_b_border_color=&#8221;#FBA100&#8243; btn_b_border_radius=&#8221;50px&#8221; btn_b_use_icon=&#8221;off&#8221; global_colors_info=&#8221;{}&#8221; btn_a_text_color__hover_enabled=&#8221;on|hover&#8221; btn_a_text_color__hover=&#8221;#FFFFFF&#8221; btn_a_bg_color__hover_enabled=&#8221;on|desktop&#8221; btn_a_bg_color__hover=&#8221;#FBA100&#8243; btn_a_bg_enable_color__hover=&#8221;on&#8221; btn_a_border_color__hover_enabled=&#8221;on|hover&#8221; btn_a_border_color__hover=&#8221;RGBA(255,255,255,0)&#8221; btn_b_text_color__hover_enabled=&#8221;on|desktop&#8221; btn_b_border_color__hover_enabled=&#8221;on|hover&#8221; btn_b_border_color__hover=&#8221;#FBA100&#8243; btn_b_text_color__hover=&#8221;#FBA100&#8243;][\/ba_dual_button][et_pb_text _builder_version=&#8221;4.27.6&#8243; _module_preset=&#8221;534cc526-6274-4e31-9e1a-7f18a5947bf1&#8243; header_4_font=&#8221;&#8211;et_global_heading_font|700||on|||||&#8221; header_4_text_color=&#8221;#fba100&#8243; header_4_font_size=&#8221;14px&#8221; header_4_letter_spacing=&#8221;1px&#8221; header_4_line_height=&#8221;1.5em&#8221; header_5_font=&#8221;&#8211;et_global_body_font||||||||&#8221; header_5_font_size=&#8221;13px&#8221; custom_margin=&#8221;||0px||false|false&#8221; header_4_font_size_tablet=&#8221;14px&#8221; header_4_font_size_phone=&#8221;&#8221; header_4_font_size_last_edited=&#8221;on|tablet&#8221; locked=&#8221;off&#8221; global_colors_info=&#8221;{}&#8221;]<h5><a href=\"https:\/\/socialgoodaccelerator.eu\/en_gb\/voice\/\">\u2190 Revenir \u00e0 VOICE<\/a><\/h5>[\/et_pb_text][\/et_pb_column][\/et_pb_row][\/et_pb_section]","protected":false},"excerpt":{"rendered":"<p>\u2190 Revenir \u00e0 VOICEVOICE \u00b7 Analyses et propositions du SOGA sur les grands enjeux du num\u00e9rique et de l&#8217;\u00e9conomie socialeNotes de positionLe Social Good Accelerator publie r\u00e9guli\u00e8rement des notes de [&hellip;]<\/p>\n","protected":false},"author":1,"featured_media":0,"parent":0,"menu_order":0,"comment_status":"closed","ping_status":"closed","template":"","meta":{"_et_pb_use_builder":"on","_et_pb_old_content":"","_et_gb_content_width":"","jetpack_post_was_ever_published":false,"footnotes":""},"class_list":["post-57358","page","type-page","status-publish","hentry"],"yoast_head":"<!-- This site is optimized with the Yoast SEO plugin v27.3 - https:\/\/yoast.com\/product\/yoast-seo-wordpress\/ -->\n<title>Notes de positionnement - SOGA<\/title>\n<meta name=\"description\" content=\"Le Social Good Accelerator publie r\u00e9guli\u00e8rement des notes de position afin d\u2019\u00e9clairer les d\u00e9bats publics et les politiques num\u00e9riques \u00e0 l\u2019\u00e9chelle nationale et europ\u00e9enne.\" \/>\n<meta name=\"robots\" content=\"index, follow, max-snippet:-1, max-image-preview:large, max-video-preview:-1\" \/>\n<link rel=\"canonical\" href=\"https:\/\/socialgoodaccelerator.eu\/fr\/notes-de-positionnement\/\" \/>\n<meta property=\"og:locale\" content=\"fr_FR\" \/>\n<meta property=\"og:type\" content=\"article\" \/>\n<meta property=\"og:title\" content=\"Notes de positionnement - SOGA\" \/>\n<meta property=\"og:description\" content=\"Le Social Good Accelerator publie r\u00e9guli\u00e8rement des notes de position afin d\u2019\u00e9clairer les d\u00e9bats publics et les politiques num\u00e9riques \u00e0 l\u2019\u00e9chelle nationale et europ\u00e9enne.\" \/>\n<meta property=\"og:url\" content=\"https:\/\/socialgoodaccelerator.eu\/fr\/notes-de-positionnement\/\" \/>\n<meta property=\"og:site_name\" content=\"SOGA\" \/>\n<meta property=\"article:publisher\" content=\"https:\/\/www.facebook.com\/SocialGoodAccel.EU\/\" \/>\n<meta property=\"article:modified_time\" content=\"2026-04-10T08:47:00+00:00\" \/>\n<meta name=\"twitter:card\" content=\"summary_large_image\" \/>\n<meta name=\"twitter:label1\" content=\"Dur\u00e9e de lecture estim\u00e9e\" \/>\n\t<meta name=\"twitter:data1\" content=\"4 minutes\" \/>\n<script type=\"application\/ld+json\" class=\"yoast-schema-graph\">{\"@context\":\"https:\\\/\\\/schema.org\",\"@graph\":[{\"@type\":\"WebPage\",\"@id\":\"https:\\\/\\\/socialgoodaccelerator.eu\\\/notes-de-positionnement\\\/\",\"url\":\"https:\\\/\\\/socialgoodaccelerator.eu\\\/notes-de-positionnement\\\/\",\"name\":\"Notes de positionnement - SOGA\",\"isPartOf\":{\"@id\":\"https:\\\/\\\/socialgoodaccelerator.eu\\\/#website\"},\"datePublished\":\"2026-04-02T12:57:57+00:00\",\"dateModified\":\"2026-04-10T08:47:00+00:00\",\"description\":\"Le Social Good Accelerator publie r\u00e9guli\u00e8rement des notes de position afin d\u2019\u00e9clairer les d\u00e9bats publics et les politiques num\u00e9riques \u00e0 l\u2019\u00e9chelle nationale et europ\u00e9enne.\",\"breadcrumb\":{\"@id\":\"https:\\\/\\\/socialgoodaccelerator.eu\\\/notes-de-positionnement\\\/#breadcrumb\"},\"inLanguage\":\"fr-FR\",\"potentialAction\":[{\"@type\":\"ReadAction\",\"target\":[\"https:\\\/\\\/socialgoodaccelerator.eu\\\/notes-de-positionnement\\\/\"]}]},{\"@type\":\"BreadcrumbList\",\"@id\":\"https:\\\/\\\/socialgoodaccelerator.eu\\\/notes-de-positionnement\\\/#breadcrumb\",\"itemListElement\":[{\"@type\":\"ListItem\",\"position\":1,\"name\":\"Accueil\",\"item\":\"https:\\\/\\\/socialgoodaccelerator.eu\\\/\"},{\"@type\":\"ListItem\",\"position\":2,\"name\":\"Notes de positionnement\"}]},{\"@type\":\"WebSite\",\"@id\":\"https:\\\/\\\/socialgoodaccelerator.eu\\\/#website\",\"url\":\"https:\\\/\\\/socialgoodaccelerator.eu\\\/\",\"name\":\"Social Good Accelerator\",\"description\":\"Acc\u00e9l\u00e9rer l&#039;ESS num\u00e9rique\",\"publisher\":{\"@id\":\"https:\\\/\\\/socialgoodaccelerator.eu\\\/#organization\"},\"alternateName\":\"SOGA\",\"potentialAction\":[{\"@type\":\"SearchAction\",\"target\":{\"@type\":\"EntryPoint\",\"urlTemplate\":\"https:\\\/\\\/socialgoodaccelerator.eu\\\/?s={search_term_string}\"},\"query-input\":{\"@type\":\"PropertyValueSpecification\",\"valueRequired\":true,\"valueName\":\"search_term_string\"}}],\"inLanguage\":\"fr-FR\"},{\"@type\":\"Organization\",\"@id\":\"https:\\\/\\\/socialgoodaccelerator.eu\\\/#organization\",\"name\":\"Social Good Accelerator\",\"alternateName\":\"SOGA\",\"url\":\"https:\\\/\\\/socialgoodaccelerator.eu\\\/\",\"logo\":{\"@type\":\"ImageObject\",\"inLanguage\":\"fr-FR\",\"@id\":\"https:\\\/\\\/socialgoodaccelerator.eu\\\/#\\\/schema\\\/logo\\\/image\\\/\",\"url\":\"https:\\\/\\\/i0.wp.com\\\/socialgoodaccelerator.eu\\\/wp-content\\\/uploads\\\/2023\\\/10\\\/cropped-LOGO-SOGA-V-FR.png?fit=512%2C512&ssl=1\",\"contentUrl\":\"https:\\\/\\\/i0.wp.com\\\/socialgoodaccelerator.eu\\\/wp-content\\\/uploads\\\/2023\\\/10\\\/cropped-LOGO-SOGA-V-FR.png?fit=512%2C512&ssl=1\",\"width\":512,\"height\":512,\"caption\":\"Social Good Accelerator\"},\"image\":{\"@id\":\"https:\\\/\\\/socialgoodaccelerator.eu\\\/#\\\/schema\\\/logo\\\/image\\\/\"},\"sameAs\":[\"https:\\\/\\\/www.facebook.com\\\/SocialGoodAccel.EU\\\/\",\"https:\\\/\\\/www.youtube.com\\\/@socialgoodaccelerator772\",\"https:\\\/\\\/www.youtube.com\\\/@SocialTechAcademy-eg6hp\"]}]}<\/script>\n<!-- \/ Yoast SEO plugin. -->","yoast_head_json":{"title":"Notes de positionnement - SOGA","description":"Le Social Good Accelerator publie r\u00e9guli\u00e8rement des notes de position afin d\u2019\u00e9clairer les d\u00e9bats publics et les politiques num\u00e9riques \u00e0 l\u2019\u00e9chelle nationale et europ\u00e9enne.","robots":{"index":"index","follow":"follow","max-snippet":"max-snippet:-1","max-image-preview":"max-image-preview:large","max-video-preview":"max-video-preview:-1"},"canonical":"https:\/\/socialgoodaccelerator.eu\/fr\/notes-de-positionnement\/","og_locale":"fr_FR","og_type":"article","og_title":"Notes de positionnement - SOGA","og_description":"Le Social Good Accelerator publie r\u00e9guli\u00e8rement des notes de position afin d\u2019\u00e9clairer les d\u00e9bats publics et les politiques num\u00e9riques \u00e0 l\u2019\u00e9chelle nationale et europ\u00e9enne.","og_url":"https:\/\/socialgoodaccelerator.eu\/fr\/notes-de-positionnement\/","og_site_name":"SOGA","article_publisher":"https:\/\/www.facebook.com\/SocialGoodAccel.EU\/","article_modified_time":"2026-04-10T08:47:00+00:00","twitter_card":"summary_large_image","twitter_misc":{"Dur\u00e9e de lecture estim\u00e9e":"4 minutes"},"schema":{"@context":"https:\/\/schema.org","@graph":[{"@type":"WebPage","@id":"https:\/\/socialgoodaccelerator.eu\/notes-de-positionnement\/","url":"https:\/\/socialgoodaccelerator.eu\/notes-de-positionnement\/","name":"Notes de positionnement - SOGA","isPartOf":{"@id":"https:\/\/socialgoodaccelerator.eu\/#website"},"datePublished":"2026-04-02T12:57:57+00:00","dateModified":"2026-04-10T08:47:00+00:00","description":"Le Social Good Accelerator publie r\u00e9guli\u00e8rement des notes de position afin d\u2019\u00e9clairer les d\u00e9bats publics et les politiques num\u00e9riques \u00e0 l\u2019\u00e9chelle nationale et europ\u00e9enne.","breadcrumb":{"@id":"https:\/\/socialgoodaccelerator.eu\/notes-de-positionnement\/#breadcrumb"},"inLanguage":"fr-FR","potentialAction":[{"@type":"ReadAction","target":["https:\/\/socialgoodaccelerator.eu\/notes-de-positionnement\/"]}]},{"@type":"BreadcrumbList","@id":"https:\/\/socialgoodaccelerator.eu\/notes-de-positionnement\/#breadcrumb","itemListElement":[{"@type":"ListItem","position":1,"name":"Accueil","item":"https:\/\/socialgoodaccelerator.eu\/"},{"@type":"ListItem","position":2,"name":"Notes de positionnement"}]},{"@type":"WebSite","@id":"https:\/\/socialgoodaccelerator.eu\/#website","url":"https:\/\/socialgoodaccelerator.eu\/","name":"Social Good Accelerator","description":"Acc\u00e9l\u00e9rer l&#039;ESS num\u00e9rique","publisher":{"@id":"https:\/\/socialgoodaccelerator.eu\/#organization"},"alternateName":"SOGA","potentialAction":[{"@type":"SearchAction","target":{"@type":"EntryPoint","urlTemplate":"https:\/\/socialgoodaccelerator.eu\/?s={search_term_string}"},"query-input":{"@type":"PropertyValueSpecification","valueRequired":true,"valueName":"search_term_string"}}],"inLanguage":"fr-FR"},{"@type":"Organization","@id":"https:\/\/socialgoodaccelerator.eu\/#organization","name":"Social Good Accelerator","alternateName":"SOGA","url":"https:\/\/socialgoodaccelerator.eu\/","logo":{"@type":"ImageObject","inLanguage":"fr-FR","@id":"https:\/\/socialgoodaccelerator.eu\/#\/schema\/logo\/image\/","url":"https:\/\/i0.wp.com\/socialgoodaccelerator.eu\/wp-content\/uploads\/2023\/10\/cropped-LOGO-SOGA-V-FR.png?fit=512%2C512&ssl=1","contentUrl":"https:\/\/i0.wp.com\/socialgoodaccelerator.eu\/wp-content\/uploads\/2023\/10\/cropped-LOGO-SOGA-V-FR.png?fit=512%2C512&ssl=1","width":512,"height":512,"caption":"Social Good Accelerator"},"image":{"@id":"https:\/\/socialgoodaccelerator.eu\/#\/schema\/logo\/image\/"},"sameAs":["https:\/\/www.facebook.com\/SocialGoodAccel.EU\/","https:\/\/www.youtube.com\/@socialgoodaccelerator772","https:\/\/www.youtube.com\/@SocialTechAcademy-eg6hp"]}]}},"jetpack_likes_enabled":false,"jetpack-related-posts":[{"id":55708,"url":"https:\/\/socialgoodaccelerator.eu\/fr\/homepage-2\/","url_meta":{"origin":57358,"position":0},"title":"Z-Ancienne Homepage","author":"sogaccelerator","date":"11 septembre 2025","format":false,"excerpt":"","rel":"","context":"Article similaire","block_context":{"text":"Article similaire","link":""},"img":{"alt_text":"","src":"","width":0,"height":0},"classes":[]},{"id":53618,"url":"https:\/\/socialgoodaccelerator.eu\/fr\/nec-ess-2024\/","url_meta":{"origin":57358,"position":1},"title":"NEC ESS 2024","author":"sogaccelerator","date":"19 juillet 2024","format":false,"excerpt":"","rel":"","context":"Article similaire","block_context":{"text":"Article similaire","link":""},"img":{"alt_text":"","src":"","width":0,"height":0},"classes":[]},{"id":56260,"url":"https:\/\/socialgoodaccelerator.eu\/fr\/cafes-iassos-reprendre-la-main-sur-ia\/","url_meta":{"origin":57358,"position":2},"title":"Caf\u00e9s IAssos \u2014 Reprendre la main sur l\u2019IA dans l\u2019ESS","author":"sogaccelerator","date":"29 janvier 2026","format":false,"excerpt":"","rel":"","context":"Article similaire","block_context":{"text":"Article similaire","link":""},"img":{"alt_text":"","src":"","width":0,"height":0},"classes":[]},{"id":56837,"url":"https:\/\/socialgoodaccelerator.eu\/fr\/contact\/","url_meta":{"origin":57358,"position":3},"title":"Contacter","author":"sogaccelerator","date":"16 f\u00e9vrier 2026","format":false,"excerpt":"","rel":"","context":"Article similaire","block_context":{"text":"Article similaire","link":""},"img":{"alt_text":"","src":"https:\/\/i0.wp.com\/socialgoodaccelerator.eu\/wp-content\/uploads\/2026\/03\/volodymyr-hryshchenko-V5vqWC9gyEU-unsplash-scaled.jpg?fit=1200%2C800&ssl=1&resize=350%2C200","width":350,"height":200,"srcset":"https:\/\/i0.wp.com\/socialgoodaccelerator.eu\/wp-content\/uploads\/2026\/03\/volodymyr-hryshchenko-V5vqWC9gyEU-unsplash-scaled.jpg?fit=1200%2C800&ssl=1&resize=350%2C200 1x, https:\/\/i0.wp.com\/socialgoodaccelerator.eu\/wp-content\/uploads\/2026\/03\/volodymyr-hryshchenko-V5vqWC9gyEU-unsplash-scaled.jpg?fit=1200%2C800&ssl=1&resize=525%2C300 1.5x, https:\/\/i0.wp.com\/socialgoodaccelerator.eu\/wp-content\/uploads\/2026\/03\/volodymyr-hryshchenko-V5vqWC9gyEU-unsplash-scaled.jpg?fit=1200%2C800&ssl=1&resize=700%2C400 2x, https:\/\/i0.wp.com\/socialgoodaccelerator.eu\/wp-content\/uploads\/2026\/03\/volodymyr-hryshchenko-V5vqWC9gyEU-unsplash-scaled.jpg?fit=1200%2C800&ssl=1&resize=1050%2C600 3x"},"classes":[]},{"id":52203,"url":"https:\/\/socialgoodaccelerator.eu\/fr\/research\/","url_meta":{"origin":57358,"position":4},"title":"Social Good Accelerator | Research","author":"sogaccelerator","date":"21 novembre 2022","format":false,"excerpt":"","rel":"","context":"Article similaire","block_context":{"text":"Article similaire","link":""},"img":{"alt_text":"","src":"","width":0,"height":0},"classes":[]},{"id":52230,"url":"https:\/\/socialgoodaccelerator.eu\/fr\/digital-skills\/","url_meta":{"origin":57358,"position":5},"title":"Social Good Accelerator | Digital skills","author":"sogaccelerator","date":"21 novembre 2022","format":false,"excerpt":"","rel":"","context":"Article similaire","block_context":{"text":"Article similaire","link":""},"img":{"alt_text":"","src":"","width":0,"height":0},"classes":[]}],"jetpack_sharing_enabled":false,"jetpack_shortlink":"https:\/\/wp.me\/P9J6Qk-eV8","_links":{"self":[{"href":"https:\/\/socialgoodaccelerator.eu\/fr\/wp-json\/wp\/v2\/pages\/57358","targetHints":{"allow":["GET"]}}],"collection":[{"href":"https:\/\/socialgoodaccelerator.eu\/fr\/wp-json\/wp\/v2\/pages"}],"about":[{"href":"https:\/\/socialgoodaccelerator.eu\/fr\/wp-json\/wp\/v2\/types\/page"}],"author":[{"embeddable":true,"href":"https:\/\/socialgoodaccelerator.eu\/fr\/wp-json\/wp\/v2\/users\/1"}],"replies":[{"embeddable":true,"href":"https:\/\/socialgoodaccelerator.eu\/fr\/wp-json\/wp\/v2\/comments?post=57358"}],"version-history":[{"count":11,"href":"https:\/\/socialgoodaccelerator.eu\/fr\/wp-json\/wp\/v2\/pages\/57358\/revisions"}],"predecessor-version":[{"id":57817,"href":"https:\/\/socialgoodaccelerator.eu\/fr\/wp-json\/wp\/v2\/pages\/57358\/revisions\/57817"}],"wp:attachment":[{"href":"https:\/\/socialgoodaccelerator.eu\/fr\/wp-json\/wp\/v2\/media?parent=57358"}],"curies":[{"name":"wp","href":"https:\/\/api.w.org\/{rel}","templated":true}]}}