{"id":52194,"date":"2022-11-21T14:19:06","date_gmt":"2022-11-21T13:19:06","guid":{"rendered":"https:\/\/socialgoodaccelerator.eu\/?page_id=52194"},"modified":"2025-09-11T12:00:59","modified_gmt":"2025-09-11T10:00:59","slug":"public-affairs","status":"publish","type":"page","link":"https:\/\/socialgoodaccelerator.eu\/fr\/public-affairs\/","title":{"rendered":"Social Good Accelerator | Public Affairs"},"content":{"rendered":"[et_pb_section fb_built=&#8221;1&#8243; admin_label=&#8221;section&#8221; _builder_version=&#8221;4.16&#8243; background_color=&#8221;#FFFFFF&#8221; custom_padding=&#8221;||4px|||&#8221; global_colors_info=&#8221;{}&#8221;][et_pb_row admin_label=&#8221;row&#8221; _builder_version=&#8221;4.16&#8243; background_size=&#8221;initial&#8221; background_position=&#8221;top_left&#8221; background_repeat=&#8221;repeat&#8221; width_tablet=&#8221;&#8221; width_phone=&#8221;97%&#8221; width_last_edited=&#8221;on|phone&#8221; global_colors_info=&#8221;{}&#8221;][et_pb_column type=&#8221;4_4&#8243; _builder_version=&#8221;4.16&#8243; custom_padding=&#8221;|||&#8221; global_colors_info=&#8221;{}&#8221; custom_padding__hover=&#8221;|||&#8221;][et_pb_text _builder_version=&#8221;4.16&#8243; _module_preset=&#8221;default&#8221; width_tablet=&#8221;81%&#8221; width_phone=&#8221;100%&#8221; width_last_edited=&#8221;on|desktop&#8221; custom_margin=&#8221;42px||||false|false&#8221; animation_direction=&#8221;right&#8221; locked=&#8221;off&#8221; global_colors_info=&#8221;{}&#8221;]<p style=\"line-height: 3.5em; text-align: center;\"><strong><span style=\"color: #2b2a5c; font-size: 350%;\">Public Affairs<\/span><\/strong><span style=\"color: #2b2a5c; font-size: x-large;\"><\/span><\/p>[\/et_pb_text][et_pb_text _builder_version=&#8221;4.16&#8243; _module_preset=&#8221;default&#8221; width=&#8221;68%&#8221; module_alignment=&#8221;center&#8221; custom_margin=&#8221;30px||||false|false&#8221; animation_direction=&#8221;right&#8221; global_colors_info=&#8221;{}&#8221;]<p style=\"text-align: center;\"><span style=\"color: #2b2a5c; font-size: x-large;\">The Public Affairs Programme focuses on lobbying for the digital transition of the social economy at the EU level. In order to reach its goals, the diverse members of the programme speak louder with a single voice.<\/span><span style=\"color: #2b2a5c; font-size: x-large;\"><\/span><\/p>[\/et_pb_text][et_pb_image src=&#8221;https:\/\/socialgoodaccelerator.eu\/wp-content\/uploads\/2023\/04\/Site-web-SOGA-Miniatures-et-icones-13.png&#8221; alt=&#8221;People celebrating&#8221; title_text=&#8221;Site web SOGA &#8211; Miniatures et ic\u00f4nes (13)&#8221; _builder_version=&#8221;4.19.1&#8243; _module_preset=&#8221;default&#8221; width=&#8221;40%&#8221; max_width_tablet=&#8221;&#8221; max_width_phone=&#8221;49%&#8221; max_width_last_edited=&#8221;on|phone&#8221; hover_enabled=&#8221;0&#8243; locked=&#8221;off&#8221; global_colors_info=&#8221;{}&#8221; sticky_enabled=&#8221;0&#8243;][\/et_pb_image][et_pb_text _builder_version=&#8221;4.16&#8243; _module_preset=&#8221;default&#8221; width=&#8221;68%&#8221; module_alignment=&#8221;center&#8221; custom_margin=&#8221;30px||||false|false&#8221; animation_direction=&#8221;right&#8221; global_colors_info=&#8221;{}&#8221;]<p style=\"text-align: center;\"><span style=\"color: #2b2a5c; font-size: x-large;\">Here are a few examples of what the programme maintained.<\/span><\/p>[\/et_pb_text][\/et_pb_column][\/et_pb_row][\/et_pb_section][et_pb_section fb_built=&#8221;1&#8243; _builder_version=&#8221;4.16&#8243; _module_preset=&#8221;default&#8221; background_color=&#8221;#F8C040&#8243; custom_padding=&#8221;70px||||false|false&#8221; top_divider_height=&#8221;30px&#8221; global_colors_info=&#8221;{}&#8221;][et_pb_row column_structure=&#8221;1_2,1_2&#8243; _builder_version=&#8221;4.16&#8243; _module_preset=&#8221;default&#8221; custom_padding=&#8221;0px|||||&#8221; border_radii=&#8221;on|4px|4px|4px|4px&#8221; border_color_all=&#8221;#2B2A5C&#8221; global_colors_info=&#8221;{}&#8221;][et_pb_column type=&#8221;1_2&#8243; _builder_version=&#8221;4.16&#8243; _module_preset=&#8221;default&#8221; background_color=&#8221;#2B2A5C&#8221; border_radii=&#8221;on|1px|1px|1px|1px&#8221; border_width_all=&#8221;2px&#8221; border_color_all=&#8221;#2b2a5c&#8221; global_colors_info=&#8221;{}&#8221; border_width_all__hover=&#8221;4px&#8221; border_width_all__hover_enabled=&#8221;on|hover&#8221;][et_pb_text _builder_version=&#8221;4.16&#8243; _module_preset=&#8221;default&#8221; text_font_size=&#8221;16px&#8221; background_color=&#8221;RGBA(255,255,255,0)&#8221; text_orientation=&#8221;center&#8221; width_tablet=&#8221;40%&#8221; width_phone=&#8221;100%&#8221; width_last_edited=&#8221;on|phone&#8221; max_width=&#8221;95%&#8221; max_width_tablet=&#8221;40%&#8221; max_width_phone=&#8221;100%&#8221; max_width_last_edited=&#8221;on|phone&#8221; module_alignment=&#8221;center&#8221; custom_margin=&#8221;||16px||false|false&#8221; custom_padding=&#8221;10px||||false|false&#8221; border_radii=&#8221;on|4px|4px|4px|4px&#8221; border_color_all=&#8221;#2B2A5C&#8221; locked=&#8221;off&#8221; global_colors_info=&#8221;{}&#8221; border_width_all__hover=&#8221;22px&#8221; border_width_all__hover_enabled=&#8221;off|desktop&#8221;]<p><span style=\"color: #ffffff; font-size: x-large;\">Influence European policies to accelerate both social and technological innovation<br \/><\/span><\/p>[\/et_pb_text][et_pb_button button_url=&#8221;@ET-DC@eyJkeW5hbWljIjp0cnVlLCJjb250ZW50IjoicG9zdF9saW5rX3VybF9wYWdlIiwic2V0dGluZ3MiOnsicG9zdF9pZCI6IjQ5MzYwIn19@&#8221; button_text=&#8221;Read our policy papers&#8221; button_alignment=&#8221;center&#8221; _builder_version=&#8221;4.16&#8243; _dynamic_attributes=&#8221;button_url&#8221; _module_preset=&#8221;default&#8221; custom_button=&#8221;on&#8221; button_text_size=&#8221;20px&#8221; button_text_color=&#8221;#2B2A5C&#8221; button_bg_color=&#8221;#F8C040&#8243; button_border_width=&#8221;0px&#8221; button_border_color=&#8221;#F8C040&#8243; button_border_radius=&#8221;30px&#8221; button_font=&#8221;|600|||||||&#8221; button_use_icon=&#8221;off&#8221; custom_margin=&#8221;||10px||false|false&#8221; custom_padding=&#8221;||||false|false&#8221; locked=&#8221;off&#8221; global_colors_info=&#8221;{}&#8221; button_border_width__hover=&#8221;3px&#8221; button_border_width__hover_enabled=&#8221;on|hover&#8221; border_width_all__hover=&#8221;22px&#8221; border_width_all__hover_enabled=&#8221;on|hover&#8221;][\/et_pb_button][\/et_pb_column][et_pb_column type=&#8221;1_2&#8243; _builder_version=&#8221;4.16&#8243; _module_preset=&#8221;default&#8221; background_color=&#8221;#6aa84f&#8221; border_radii=&#8221;on|1px|1px|1px|1px&#8221; border_width_all=&#8221;2px&#8221; border_color_all=&#8221;#6aa84f&#8221; global_colors_info=&#8221;{}&#8221; border_width_all__hover=&#8221;4px&#8221; border_width_all__hover_enabled=&#8221;on|hover&#8221;][et_pb_text _builder_version=&#8221;4.16&#8243; _module_preset=&#8221;default&#8221; text_font_size=&#8221;16px&#8221; background_color=&#8221;RGBA(255,255,255,0)&#8221; text_orientation=&#8221;center&#8221; width_tablet=&#8221;40%&#8221; width_phone=&#8221;100%&#8221; width_last_edited=&#8221;on|phone&#8221; max_width=&#8221;95%&#8221; max_width_tablet=&#8221;40%&#8221; max_width_phone=&#8221;100%&#8221; max_width_last_edited=&#8221;on|phone&#8221; module_alignment=&#8221;center&#8221; custom_margin=&#8221;||16px||false|false&#8221; custom_padding=&#8221;10px||||false|false&#8221; border_radii=&#8221;on|4px|4px|4px|4px&#8221; border_color_all=&#8221;#2B2A5C&#8221; global_colors_info=&#8221;{}&#8221; border_width_all__hover=&#8221;22px&#8221; border_width_all__hover_enabled=&#8221;off|desktop&#8221;]<p><span style=\"font-size: x-large; color: #ffffff;\">Detail our vision in an open letter sent to the several EU policy-makers and media<\/span><\/p>[\/et_pb_text][et_pb_button button_url=&#8221;@ET-DC@eyJkeW5hbWljIjp0cnVlLCJjb250ZW50IjoicG9zdF9saW5rX3VybF9wb3N0Iiwic2V0dGluZ3MiOnsicG9zdF9pZCI6IjUwMzk0In19@&#8221; url_new_window=&#8221;on&#8221; button_text=&#8221;Read the open letter&#8221; button_alignment=&#8221;center&#8221; _builder_version=&#8221;4.16&#8243; _dynamic_attributes=&#8221;button_url&#8221; _module_preset=&#8221;default&#8221; custom_button=&#8221;on&#8221; button_text_size=&#8221;20px&#8221; button_text_color=&#8221;#2B2A5C&#8221; button_bg_color=&#8221;#F8C040&#8243; button_border_width=&#8221;0px&#8221; button_border_color=&#8221;#F8C040&#8243; button_border_radius=&#8221;30px&#8221; button_font=&#8221;|600|||||||&#8221; button_use_icon=&#8221;off&#8221; custom_margin=&#8221;||10px||false|false&#8221; custom_padding=&#8221;||||false|false&#8221; locked=&#8221;off&#8221; global_colors_info=&#8221;{}&#8221; button_border_width__hover=&#8221;3px&#8221; button_border_width__hover_enabled=&#8221;on|hover&#8221; border_width_all__hover=&#8221;22px&#8221; border_width_all__hover_enabled=&#8221;on|hover&#8221;][\/et_pb_button][\/et_pb_column][\/et_pb_row][\/et_pb_section][et_pb_section fb_built=&#8221;1&#8243; admin_label=&#8221;section&#8221; _builder_version=&#8221;4.16&#8243; background_color=&#8221;#FFFFFF&#8221; custom_padding=&#8221;||4px|||&#8221; locked=&#8221;off&#8221; global_colors_info=&#8221;{}&#8221;][et_pb_row admin_label=&#8221;row&#8221; _builder_version=&#8221;4.16&#8243; background_size=&#8221;initial&#8221; background_position=&#8221;top_left&#8221; background_repeat=&#8221;repeat&#8221; width=&#8221;97%&#8221; global_colors_info=&#8221;{}&#8221;][et_pb_column type=&#8221;4_4&#8243; _builder_version=&#8221;4.16&#8243; custom_padding=&#8221;|||&#8221; global_colors_info=&#8221;{}&#8221; custom_padding__hover=&#8221;|||&#8221;][et_pb_text _builder_version=&#8221;4.16&#8243; _module_preset=&#8221;default&#8221; width_tablet=&#8221;81%&#8221; width_phone=&#8221;100%&#8221; width_last_edited=&#8221;on|desktop&#8221; animation_direction=&#8221;right&#8221; locked=&#8221;off&#8221; global_colors_info=&#8221;{}&#8221;]<p style=\"line-height: 3.5em; text-align: center;\"><strong><span style=\"color: #2b2a5c; font-size: 350%;\">Become a member, take part in our work<\/span><\/strong><span style=\"color: #2b2a5c; font-size: x-large;\"><\/span><\/p>[\/et_pb_text][et_pb_text _builder_version=&#8221;4.16&#8243; _module_preset=&#8221;default&#8221; width=&#8221;68%&#8221; module_alignment=&#8221;center&#8221; custom_margin=&#8221;30px||||false|false&#8221; animation_direction=&#8221;right&#8221; global_colors_info=&#8221;{}&#8221;]<p style=\"text-align: center;\"><span style=\"color: #2b2a5c; font-size: x-large;\">Each quarter, the members of the Social Good Accelerator who joined the Public Affairs programme meet for working sessions.<\/span><\/p>\n<p style=\"text-align: center;\"><span style=\"color: #2b2a5c; font-size: x-large;\">Join them to speak louder, to influence policies, along with a strong committed European network.<br \/><\/span><span style=\"color: #2b2a5c; font-size: x-large;\"><\/span><\/p>[\/et_pb_text][et_pb_button button_url=&#8221;@ET-DC@eyJkeW5hbWljIjp0cnVlLCJjb250ZW50IjoicG9zdF9saW5rX3VybF9wYWdlIiwic2V0dGluZ3MiOnsicG9zdF9pZCI6IjQ2ODAxIn19@&#8221; button_text=&#8221;Join the Social Good Accelerator&#8221; button_alignment=&#8221;center&#8221; _builder_version=&#8221;4.16&#8243; _dynamic_attributes=&#8221;button_url&#8221; _module_preset=&#8221;default&#8221; custom_button=&#8221;on&#8221; button_text_size=&#8221;20px&#8221; button_text_color=&#8221;#FFFFFF&#8221; button_bg_color=&#8221;#163074&#8243; button_border_width=&#8221;0px&#8221; button_border_color=&#8221;#163074&#8243; button_border_radius=&#8221;30px&#8221; button_font=&#8221;|600|||||||&#8221; button_use_icon=&#8221;off&#8221; custom_margin=&#8221;||10px||false|false&#8221; custom_padding=&#8221;||||false|false&#8221; locked=&#8221;off&#8221; global_colors_info=&#8221;{}&#8221; button_border_width__hover=&#8221;3px&#8221; button_border_width__hover_enabled=&#8221;on|hover&#8221; border_width_all__hover=&#8221;22px&#8221; border_width_all__hover_enabled=&#8221;on|hover&#8221;][\/et_pb_button][\/et_pb_column][\/et_pb_row][\/et_pb_section]","protected":false},"excerpt":{"rendered":"<p>Public AffairsThe Public Affairs Programme focuses on lobbying for the digital transition of the social economy at the EU level. In order to reach its goals, the diverse members of [&hellip;]<\/p>\n","protected":false},"author":1,"featured_media":0,"parent":0,"menu_order":0,"comment_status":"closed","ping_status":"closed","template":"","meta":{"_et_pb_use_builder":"on","_et_pb_old_content":"","_et_gb_content_width":"","jetpack_post_was_ever_published":false,"footnotes":""},"class_list":["post-52194","page","type-page","status-publish","hentry"],"yoast_head":"<!-- This site is optimized with the Yoast SEO plugin v27.3 - https:\/\/yoast.com\/product\/yoast-seo-wordpress\/ -->\n<title>Social Good Accelerator | Public Affairs - SOGA<\/title>\n<meta name=\"description\" content=\"For social economy, the Social Good Accelerator aims to empower social utility organisations by enabling them to acquire new technological skills, advocate for their interests and conduct collaborative research.\" \/>\n<meta name=\"robots\" content=\"index, follow, max-snippet:-1, max-image-preview:large, max-video-preview:-1\" \/>\n<link rel=\"canonical\" href=\"https:\/\/socialgoodaccelerator.eu\/fr\/public-affairs\/\" \/>\n<meta property=\"og:locale\" content=\"fr_FR\" \/>\n<meta property=\"og:type\" content=\"article\" \/>\n<meta property=\"og:title\" content=\"Social Good Accelerator | Public Affairs - SOGA\" \/>\n<meta property=\"og:description\" content=\"For social economy, the Social Good Accelerator aims to empower social utility organisations by enabling them to acquire new technological skills, advocate for their interests and conduct collaborative research.\" \/>\n<meta property=\"og:url\" content=\"https:\/\/socialgoodaccelerator.eu\/fr\/public-affairs\/\" \/>\n<meta property=\"og:site_name\" content=\"SOGA\" \/>\n<meta property=\"article:publisher\" content=\"https:\/\/www.facebook.com\/SocialGoodAccel.EU\/\" \/>\n<meta property=\"article:modified_time\" content=\"2025-09-11T10:00:59+00:00\" \/>\n<meta name=\"twitter:card\" content=\"summary_large_image\" \/>\n<meta name=\"twitter:label1\" content=\"Dur\u00e9e de lecture estim\u00e9e\" \/>\n\t<meta name=\"twitter:data1\" content=\"2 minutes\" \/>\n<script type=\"application\/ld+json\" class=\"yoast-schema-graph\">{\"@context\":\"https:\\\/\\\/schema.org\",\"@graph\":[{\"@type\":\"WebPage\",\"@id\":\"https:\\\/\\\/socialgoodaccelerator.eu\\\/public-affairs\\\/\",\"url\":\"https:\\\/\\\/socialgoodaccelerator.eu\\\/public-affairs\\\/\",\"name\":\"Social Good Accelerator | Public Affairs - SOGA\",\"isPartOf\":{\"@id\":\"https:\\\/\\\/socialgoodaccelerator.eu\\\/#website\"},\"datePublished\":\"2022-11-21T13:19:06+00:00\",\"dateModified\":\"2025-09-11T10:00:59+00:00\",\"description\":\"For social economy, the Social Good Accelerator aims to empower social utility organisations by enabling them to acquire new technological skills, advocate for their interests and conduct collaborative research.\",\"breadcrumb\":{\"@id\":\"https:\\\/\\\/socialgoodaccelerator.eu\\\/public-affairs\\\/#breadcrumb\"},\"inLanguage\":\"fr-FR\",\"potentialAction\":[{\"@type\":\"ReadAction\",\"target\":[\"https:\\\/\\\/socialgoodaccelerator.eu\\\/public-affairs\\\/\"]}]},{\"@type\":\"BreadcrumbList\",\"@id\":\"https:\\\/\\\/socialgoodaccelerator.eu\\\/public-affairs\\\/#breadcrumb\",\"itemListElement\":[{\"@type\":\"ListItem\",\"position\":1,\"name\":\"Accueil\",\"item\":\"https:\\\/\\\/socialgoodaccelerator.eu\\\/\"},{\"@type\":\"ListItem\",\"position\":2,\"name\":\"Social Good Accelerator | Public Affairs\"}]},{\"@type\":\"WebSite\",\"@id\":\"https:\\\/\\\/socialgoodaccelerator.eu\\\/#website\",\"url\":\"https:\\\/\\\/socialgoodaccelerator.eu\\\/\",\"name\":\"Social Good Accelerator\",\"description\":\"Acc\u00e9l\u00e9rer l&#039;ESS num\u00e9rique\",\"publisher\":{\"@id\":\"https:\\\/\\\/socialgoodaccelerator.eu\\\/#organization\"},\"alternateName\":\"SOGA\",\"potentialAction\":[{\"@type\":\"SearchAction\",\"target\":{\"@type\":\"EntryPoint\",\"urlTemplate\":\"https:\\\/\\\/socialgoodaccelerator.eu\\\/?s={search_term_string}\"},\"query-input\":{\"@type\":\"PropertyValueSpecification\",\"valueRequired\":true,\"valueName\":\"search_term_string\"}}],\"inLanguage\":\"fr-FR\"},{\"@type\":\"Organization\",\"@id\":\"https:\\\/\\\/socialgoodaccelerator.eu\\\/#organization\",\"name\":\"Social Good Accelerator\",\"alternateName\":\"SOGA\",\"url\":\"https:\\\/\\\/socialgoodaccelerator.eu\\\/\",\"logo\":{\"@type\":\"ImageObject\",\"inLanguage\":\"fr-FR\",\"@id\":\"https:\\\/\\\/socialgoodaccelerator.eu\\\/#\\\/schema\\\/logo\\\/image\\\/\",\"url\":\"https:\\\/\\\/i0.wp.com\\\/socialgoodaccelerator.eu\\\/wp-content\\\/uploads\\\/2023\\\/10\\\/cropped-LOGO-SOGA-V-FR.png?fit=512%2C512&ssl=1\",\"contentUrl\":\"https:\\\/\\\/i0.wp.com\\\/socialgoodaccelerator.eu\\\/wp-content\\\/uploads\\\/2023\\\/10\\\/cropped-LOGO-SOGA-V-FR.png?fit=512%2C512&ssl=1\",\"width\":512,\"height\":512,\"caption\":\"Social Good Accelerator\"},\"image\":{\"@id\":\"https:\\\/\\\/socialgoodaccelerator.eu\\\/#\\\/schema\\\/logo\\\/image\\\/\"},\"sameAs\":[\"https:\\\/\\\/www.facebook.com\\\/SocialGoodAccel.EU\\\/\",\"https:\\\/\\\/www.youtube.com\\\/@socialgoodaccelerator772\",\"https:\\\/\\\/www.youtube.com\\\/@SocialTechAcademy-eg6hp\"]}]}<\/script>\n<!-- \/ Yoast SEO plugin. -->","yoast_head_json":{"title":"Social Good Accelerator | Public Affairs - SOGA","description":"Pour l'\u00e9conomie sociale, le Social Good Accelerator vise \u00e0 renforcer les organisations d'utilit\u00e9 sociale en leur permettant d'acqu\u00e9rir de nouvelles comp\u00e9tences technologiques, de d\u00e9fendre leurs int\u00e9r\u00eats et de mener des recherches en collaboration.","robots":{"index":"index","follow":"follow","max-snippet":"max-snippet:-1","max-image-preview":"max-image-preview:large","max-video-preview":"max-video-preview:-1"},"canonical":"https:\/\/socialgoodaccelerator.eu\/fr\/public-affairs\/","og_locale":"fr_FR","og_type":"article","og_title":"Social Good Accelerator | Public Affairs - SOGA","og_description":"For social economy, the Social Good Accelerator aims to empower social utility organisations by enabling them to acquire new technological skills, advocate for their interests and conduct collaborative research.","og_url":"https:\/\/socialgoodaccelerator.eu\/fr\/public-affairs\/","og_site_name":"SOGA","article_publisher":"https:\/\/www.facebook.com\/SocialGoodAccel.EU\/","article_modified_time":"2025-09-11T10:00:59+00:00","twitter_card":"summary_large_image","twitter_misc":{"Dur\u00e9e de lecture estim\u00e9e":"2 minutes"},"schema":{"@context":"https:\/\/schema.org","@graph":[{"@type":"WebPage","@id":"https:\/\/socialgoodaccelerator.eu\/public-affairs\/","url":"https:\/\/socialgoodaccelerator.eu\/public-affairs\/","name":"Social Good Accelerator | Public Affairs - SOGA","isPartOf":{"@id":"https:\/\/socialgoodaccelerator.eu\/#website"},"datePublished":"2022-11-21T13:19:06+00:00","dateModified":"2025-09-11T10:00:59+00:00","description":"Pour l'\u00e9conomie sociale, le Social Good Accelerator vise \u00e0 renforcer les organisations d'utilit\u00e9 sociale en leur permettant d'acqu\u00e9rir de nouvelles comp\u00e9tences technologiques, de d\u00e9fendre leurs int\u00e9r\u00eats et de mener des recherches en collaboration.","breadcrumb":{"@id":"https:\/\/socialgoodaccelerator.eu\/public-affairs\/#breadcrumb"},"inLanguage":"fr-FR","potentialAction":[{"@type":"ReadAction","target":["https:\/\/socialgoodaccelerator.eu\/public-affairs\/"]}]},{"@type":"BreadcrumbList","@id":"https:\/\/socialgoodaccelerator.eu\/public-affairs\/#breadcrumb","itemListElement":[{"@type":"ListItem","position":1,"name":"Accueil","item":"https:\/\/socialgoodaccelerator.eu\/"},{"@type":"ListItem","position":2,"name":"Social Good Accelerator | Public Affairs"}]},{"@type":"WebSite","@id":"https:\/\/socialgoodaccelerator.eu\/#website","url":"https:\/\/socialgoodaccelerator.eu\/","name":"Social Good Accelerator","description":"Acc\u00e9l\u00e9rer l&#039;ESS num\u00e9rique","publisher":{"@id":"https:\/\/socialgoodaccelerator.eu\/#organization"},"alternateName":"SOGA","potentialAction":[{"@type":"SearchAction","target":{"@type":"EntryPoint","urlTemplate":"https:\/\/socialgoodaccelerator.eu\/?s={search_term_string}"},"query-input":{"@type":"PropertyValueSpecification","valueRequired":true,"valueName":"search_term_string"}}],"inLanguage":"fr-FR"},{"@type":"Organization","@id":"https:\/\/socialgoodaccelerator.eu\/#organization","name":"Social Good Accelerator","alternateName":"SOGA","url":"https:\/\/socialgoodaccelerator.eu\/","logo":{"@type":"ImageObject","inLanguage":"fr-FR","@id":"https:\/\/socialgoodaccelerator.eu\/#\/schema\/logo\/image\/","url":"https:\/\/i0.wp.com\/socialgoodaccelerator.eu\/wp-content\/uploads\/2023\/10\/cropped-LOGO-SOGA-V-FR.png?fit=512%2C512&ssl=1","contentUrl":"https:\/\/i0.wp.com\/socialgoodaccelerator.eu\/wp-content\/uploads\/2023\/10\/cropped-LOGO-SOGA-V-FR.png?fit=512%2C512&ssl=1","width":512,"height":512,"caption":"Social Good Accelerator"},"image":{"@id":"https:\/\/socialgoodaccelerator.eu\/#\/schema\/logo\/image\/"},"sameAs":["https:\/\/www.facebook.com\/SocialGoodAccel.EU\/","https:\/\/www.youtube.com\/@socialgoodaccelerator772","https:\/\/www.youtube.com\/@SocialTechAcademy-eg6hp"]}]}},"jetpack_likes_enabled":true,"jetpack-related-posts":[{"id":53618,"url":"https:\/\/socialgoodaccelerator.eu\/fr\/nec-ess-2024\/","url_meta":{"origin":52194,"position":0},"title":"NEC ESS 2024","author":"sogaccelerator","date":"19 juillet 2024","format":false,"excerpt":"","rel":"","context":"Article similaire","block_context":{"text":"Article similaire","link":""},"img":{"alt_text":"","src":"","width":0,"height":0},"classes":[]},{"id":57664,"url":"https:\/\/socialgoodaccelerator.eu\/fr\/faq\/","url_meta":{"origin":52194,"position":1},"title":"FAQ","author":"sogaccelerator","date":"30 mars 2026","format":false,"excerpt":"","rel":"","context":"Article similaire","block_context":{"text":"Article similaire","link":""},"img":{"alt_text":"","src":"","width":0,"height":0},"classes":[]},{"id":56260,"url":"https:\/\/socialgoodaccelerator.eu\/fr\/cafes-iassos-reprendre-la-main-sur-ia\/","url_meta":{"origin":52194,"position":2},"title":"Caf\u00e9s IAssos \u2014 Reprendre la main sur l\u2019IA dans l\u2019ESS","author":"sogaccelerator","date":"29 janvier 2026","format":false,"excerpt":"","rel":"","context":"Article similaire","block_context":{"text":"Article similaire","link":""},"img":{"alt_text":"","src":"","width":0,"height":0},"classes":[]},{"id":56397,"url":"https:\/\/socialgoodaccelerator.eu\/fr\/","url_meta":{"origin":52194,"position":3},"title":"A-Homepage","author":"sogaccelerator","date":"10 f\u00e9vrier 2026","format":false,"excerpt":"","rel":"","context":"Article similaire","block_context":{"text":"Article similaire","link":""},"img":{"alt_text":"","src":"","width":0,"height":0},"classes":[]},{"id":57521,"url":"https:\/\/socialgoodaccelerator.eu\/fr\/equipe-et-gouvernance\/","url_meta":{"origin":52194,"position":4},"title":"Equipe et gouvernance","author":"sogaccelerator","date":"23 mars 2026","format":false,"excerpt":"","rel":"","context":"Article similaire","block_context":{"text":"Article similaire","link":""},"img":{"alt_text":"","src":"","width":0,"height":0},"classes":[]},{"id":55708,"url":"https:\/\/socialgoodaccelerator.eu\/fr\/homepage-2\/","url_meta":{"origin":52194,"position":5},"title":"Z-Ancienne Homepage","author":"sogaccelerator","date":"11 septembre 2025","format":false,"excerpt":"","rel":"","context":"Article similaire","block_context":{"text":"Article similaire","link":""},"img":{"alt_text":"","src":"","width":0,"height":0},"classes":[]}],"jetpack_sharing_enabled":true,"jetpack_shortlink":"https:\/\/wp.me\/P9J6Qk-dzQ","_links":{"self":[{"href":"https:\/\/socialgoodaccelerator.eu\/fr\/wp-json\/wp\/v2\/pages\/52194","targetHints":{"allow":["GET"]}}],"collection":[{"href":"https:\/\/socialgoodaccelerator.eu\/fr\/wp-json\/wp\/v2\/pages"}],"about":[{"href":"https:\/\/socialgoodaccelerator.eu\/fr\/wp-json\/wp\/v2\/types\/page"}],"author":[{"embeddable":true,"href":"https:\/\/socialgoodaccelerator.eu\/fr\/wp-json\/wp\/v2\/users\/1"}],"replies":[{"embeddable":true,"href":"https:\/\/socialgoodaccelerator.eu\/fr\/wp-json\/wp\/v2\/comments?post=52194"}],"version-history":[{"count":11,"href":"https:\/\/socialgoodaccelerator.eu\/fr\/wp-json\/wp\/v2\/pages\/52194\/revisions"}],"predecessor-version":[{"id":52988,"href":"https:\/\/socialgoodaccelerator.eu\/fr\/wp-json\/wp\/v2\/pages\/52194\/revisions\/52988"}],"wp:attachment":[{"href":"https:\/\/socialgoodaccelerator.eu\/fr\/wp-json\/wp\/v2\/media?parent=52194"}],"curies":[{"name":"wp","href":"https:\/\/api.w.org\/{rel}","templated":true}]}}