{"id":46784,"date":"2018-03-06T13:57:16","date_gmt":"2018-03-06T12:57:16","guid":{"rendered":"http:\/\/socialgoodaccelerator.eu\/?page_id=46784"},"modified":"2026-01-13T11:45:57","modified_gmt":"2026-01-13T10:45:57","slug":"story","status":"publish","type":"page","link":"https:\/\/socialgoodaccelerator.eu\/fr\/story\/","title":{"rendered":"Social Good Accelerator | Our story"},"content":{"rendered":"[et_pb_section fb_built=&#8221;1&#8243; admin_label=&#8221;section&#8221; _builder_version=&#8221;4.16&#8243; background_color=&#8221;#FFFFFF&#8221; custom_padding=&#8221;||4px|||&#8221; global_colors_info=&#8221;{}&#8221; da_is_popup=&#8221;off&#8221; da_exit_intent=&#8221;off&#8221; da_has_close=&#8221;on&#8221; da_alt_close=&#8221;off&#8221; da_dark_close=&#8221;off&#8221; da_not_modal=&#8221;on&#8221; da_is_singular=&#8221;off&#8221; da_with_loader=&#8221;off&#8221; da_has_shadow=&#8221;on&#8221; da_disable_devices=&#8221;off|off|off&#8221;][et_pb_row admin_label=&#8221;row&#8221; _builder_version=&#8221;4.16&#8243; background_size=&#8221;initial&#8221; background_position=&#8221;top_left&#8221; background_repeat=&#8221;repeat&#8221; width=&#8221;95%&#8221; max_width_tablet=&#8221;2521%&#8221; max_width_phone=&#8221;2541%&#8221; max_width_last_edited=&#8221;on|phone&#8221; custom_margin=&#8221;||||false|false&#8221; module_alignment_tablet=&#8221;&#8221; module_alignment_phone=&#8221;center&#8221; module_alignment_last_edited=&#8221;on|phone&#8221; global_colors_info=&#8221;{}&#8221;][et_pb_column type=&#8221;4_4&#8243; _builder_version=&#8221;4.16&#8243; custom_padding=&#8221;|||&#8221; global_colors_info=&#8221;{}&#8221; custom_padding__hover=&#8221;|||&#8221;][et_pb_heading title=&#8221;Our story begins with an observation&#8221; _builder_version=&#8221;4.27.5&#8243; _module_preset=&#8221;default&#8221; title_text_color=&#8221;#134CA1&#8243; title_text_align=&#8221;center&#8221; hover_enabled=&#8221;0&#8243; sticky_enabled=&#8221;0&#8243;][\/et_pb_heading][et_pb_text _builder_version=&#8221;4.16&#8243; _module_preset=&#8221;default&#8221; width=&#8221;70%&#8221; width_tablet=&#8221;81%&#8221; width_phone=&#8221;100%&#8221; width_last_edited=&#8221;on|phone&#8221; module_alignment=&#8221;center&#8221; animation_direction=&#8221;right&#8221; global_colors_info=&#8221;{}&#8221;]<p style=\"text-align: center;\"><span style=\"color: #2b2a5c; font-size: x-large;\">\u00a0The digital transition of the social economy in the European Union is not sufficiently supported.\u00a0<\/span><\/p>[\/et_pb_text][et_pb_image src=&#8221;https:\/\/socialgoodaccelerator.eu\/wp-content\/uploads\/2023\/04\/Site-web-SOGA-Miniatures-et-icones-6.png&#8221; alt=&#8221;People having an idea&#8221; title_text=&#8221;Site web SOGA &#8211; Miniatures et ic\u00f4nes (6)&#8221; _builder_version=&#8221;4.19.1&#8243; _module_preset=&#8221;default&#8221; width=&#8221;25%&#8221; max_width_tablet=&#8221;&#8221; max_width_phone=&#8221;49%&#8221; max_width_last_edited=&#8221;on|phone&#8221; global_colors_info=&#8221;{}&#8221;][\/et_pb_image][\/et_pb_column][\/et_pb_row][\/et_pb_section][et_pb_section fb_built=&#8221;1&#8243; _builder_version=&#8221;4.27.5&#8243; _module_preset=&#8221;default&#8221; custom_padding=&#8221;5px|||||&#8221; top_divider_height=&#8221;30px&#8221; hover_enabled=&#8221;0&#8243; global_colors_info=&#8221;{}&#8221; background_enable_color=&#8221;off&#8221; sticky_enabled=&#8221;0&#8243; da_is_popup=&#8221;off&#8221; da_exit_intent=&#8221;off&#8221; da_has_close=&#8221;on&#8221; da_alt_close=&#8221;off&#8221; da_dark_close=&#8221;off&#8221; da_not_modal=&#8221;on&#8221; da_is_singular=&#8221;off&#8221; da_with_loader=&#8221;off&#8221; da_has_shadow=&#8221;on&#8221; da_disable_devices=&#8221;off|off|off&#8221;][et_pb_row column_structure=&#8221;1_4,1_4,1_2&#8243; _builder_version=&#8221;4.19.1&#8243; _module_preset=&#8221;default&#8221; custom_padding=&#8221;0px||0px||true|false&#8221; global_colors_info=&#8221;{}&#8221;][et_pb_column type=&#8221;1_4&#8243; _builder_version=&#8221;4.16&#8243; _module_preset=&#8221;default&#8221; global_colors_info=&#8221;{}&#8221;][et_pb_number_counter title=&#8221;of French associations have difficulties with digital tools&#8221; number=&#8221;76&#8243; _builder_version=&#8221;4.27.5&#8243; _module_preset=&#8221;default&#8221; title_level=&#8221;h2&#8243; title_font=&#8221;|600|||||||&#8221; title_text_align=&#8221;center&#8221; title_text_color=&#8221;#FFFFFF&#8221; number_font=&#8221;|600|||||||&#8221; number_text_color=&#8221;#EFA630&#8243; background_color=&#8221;#134CA1&#8243; min_height=&#8221;179px&#8221; custom_margin=&#8221;75px||||false|false&#8221; custom_margin_tablet=&#8221;75px||||false|false&#8221; custom_margin_phone=&#8221;0px||||false|false&#8221; custom_margin_last_edited=&#8221;on|phone&#8221; custom_padding=&#8221;0px|3px|0px|3px|true|true&#8221; hover_enabled=&#8221;0&#8243; border_radii=&#8221;on|30px|30px|30px|30px&#8221; border_width_all=&#8221;4px&#8221; border_color_all=&#8221;#134CA1&#8243; locked=&#8221;off&#8221; global_colors_info=&#8221;{}&#8221; sticky_enabled=&#8221;0&#8243;][\/et_pb_number_counter][\/et_pb_column][et_pb_column type=&#8221;1_4&#8243; _builder_version=&#8221;4.16&#8243; _module_preset=&#8221;default&#8221; global_colors_info=&#8221;{}&#8221;][et_pb_number_counter title=&#8221;of social economy organisations wish to develop digital skills&#8221; number=&#8221;91&#8243; _builder_version=&#8221;4.27.5&#8243; _module_preset=&#8221;default&#8221; title_level=&#8221;h2&#8243; title_font=&#8221;|600|||||||&#8221; title_text_align=&#8221;center&#8221; title_text_color=&#8221;#FFFFFF&#8221; number_font=&#8221;|600|||||||&#8221; number_text_color=&#8221;#EFA630&#8243; background_color=&#8221;#134CA1&#8243; min_height=&#8221;179px&#8221; custom_margin=&#8221;75px||||false|false&#8221; custom_margin_tablet=&#8221;75px||||false|false&#8221; custom_margin_phone=&#8221;0px||||false|false&#8221; custom_margin_last_edited=&#8221;on|phone&#8221; custom_padding=&#8221;0px|3px|0px|3px|true|true&#8221; hover_enabled=&#8221;0&#8243; border_radii=&#8221;on|30px|30px|30px|30px&#8221; border_width_all=&#8221;4px&#8221; border_color_all=&#8221;#134CA1&#8243; locked=&#8221;off&#8221; global_colors_info=&#8221;{}&#8221; sticky_enabled=&#8221;0&#8243;][\/et_pb_number_counter][\/et_pb_column][et_pb_column type=&#8221;1_2&#8243; _builder_version=&#8221;4.16&#8243; _module_preset=&#8221;default&#8221; global_colors_info=&#8221;{}&#8221;][et_pb_text _builder_version=&#8221;4.27.5&#8243; _module_preset=&#8221;default&#8221; custom_margin=&#8221;75px||||false|false&#8221; custom_margin_tablet=&#8221;75px||||false|false&#8221; custom_margin_phone=&#8221;0px||||false|false&#8221; custom_margin_last_edited=&#8221;on|phone&#8221; animation_direction=&#8221;left&#8221; hover_enabled=&#8221;0&#8243; global_colors_info=&#8221;{}&#8221; sticky_enabled=&#8221;0&#8243;]<strong><span style=\"color: #134ca1; font-size: x-large;\">There are many reasons why the social economy is lagging behind in the digital transition<\/span><\/strong>\n\n<span style=\"font-size: large;\">The reasons are structural. Indeed, access to public and private funding is directed more towards projects than towards structures.<\/span><span style=\"font-size: large;\"><\/span>\n\n<span style=\"font-size: large;\">The reasons are also cultural. There is a strong need for digital literacy in social economy structures.<\/span>\n\n&nbsp;[\/et_pb_text][\/et_pb_column][\/et_pb_row][\/et_pb_section][et_pb_section fb_built=&#8221;1&#8243; _builder_version=&#8221;4.16&#8243; _module_preset=&#8221;default&#8221; background_color=&#8221;#FFFFFF&#8221; custom_padding=&#8221;5px|||||&#8221; top_divider_height=&#8221;30px&#8221; global_colors_info=&#8221;{}&#8221; da_is_popup=&#8221;off&#8221; da_exit_intent=&#8221;off&#8221; da_has_close=&#8221;on&#8221; da_alt_close=&#8221;off&#8221; da_dark_close=&#8221;off&#8221; da_not_modal=&#8221;on&#8221; da_is_singular=&#8221;off&#8221; da_with_loader=&#8221;off&#8221; da_has_shadow=&#8221;on&#8221; da_disable_devices=&#8221;off|off|off&#8221;][et_pb_row disabled_on=&#8221;off|on|on&#8221; _builder_version=&#8221;4.16&#8243; _module_preset=&#8221;default&#8221; global_colors_info=&#8221;{}&#8221;][et_pb_column type=&#8221;4_4&#8243; _builder_version=&#8221;4.16&#8243; _module_preset=&#8221;default&#8221; global_colors_info=&#8221;{}&#8221;][et_pb_image src=&#8221;https:\/\/socialgoodaccelerator.eu\/wp-content\/uploads\/2018\/09\/DNfGAe5WkAE1FI9.jpg&#8221; alt=&#8221;Social Good Accelerator with Fran\u00e7ois Hollande&#8221; title_text=&#8221;DNfGAe5WkAE1FI9&#8243; force_fullwidth=&#8221;on&#8221; _builder_version=&#8221;4.16&#8243; _module_preset=&#8221;default&#8221; custom_margin=&#8221;1px||0px||false|false&#8221; border_radii=&#8221;on|5px|5px|5px|5px&#8221; border_width_all=&#8221;2px&#8221; border_color_all=&#8221;#2B2A5C&#8221; locked=&#8221;off&#8221; global_colors_info=&#8221;{}&#8221; border_width_all__hover_enabled=&#8221;off|desktop&#8221; border_width_all__hover=&#8221;15px&#8221;][\/et_pb_image][\/et_pb_column][\/et_pb_row][et_pb_row column_structure=&#8221;2_5,3_5&#8243; _builder_version=&#8221;4.16&#8243; _module_preset=&#8221;default&#8221; global_colors_info=&#8221;{}&#8221;][et_pb_column type=&#8221;2_5&#8243; _builder_version=&#8221;4.16&#8243; _module_preset=&#8221;default&#8221; global_colors_info=&#8221;{}&#8221;][et_pb_text _builder_version=&#8221;4.27.5&#8243; _module_preset=&#8221;default&#8221; custom_padding=&#8221;27px|||||&#8221; animation_direction=&#8221;right&#8221; hover_enabled=&#8221;0&#8243; global_colors_info=&#8221;{}&#8221; sticky_enabled=&#8221;0&#8243;]<p><strong><span style=\"color: #134ca1; font-size: x-large;\">To solve this problem, the Social Good Accelerator was created.<\/span><\/strong><\/p>\n<p><span style=\"font-size: large;\">Our community was built as a European Network for People, Planet and Social Tech. It soon became the European movement engaged in the digital transition of social economy stakeholders.<\/span><\/p>\n<p><span style=\"font-size: large;\">With our delegation of associations, social entrepreneurs, social innovators and foundations, we started working together to encourage Tech and Social Good stakeholders to work together to create innovative solutions in the European Union.<\/span><\/p>[\/et_pb_text][et_pb_button button_url=&#8221;@ET-DC@eyJkeW5hbWljIjp0cnVlLCJjb250ZW50IjoicG9zdF9saW5rX3VybF9wYWdlIiwic2V0dGluZ3MiOnsicG9zdF9pZCI6IjUyMjAzIn19@&#8221; button_text=&#8221;Discover our first actions&#8221; button_alignment=&#8221;center&#8221; _builder_version=&#8221;4.27.5&#8243; _dynamic_attributes=&#8221;button_url&#8221; _module_preset=&#8221;default&#8221; custom_button=&#8221;on&#8221; button_text_size=&#8221;20px&#8221; button_text_color=&#8221;#FFFFFF&#8221; button_bg_color=&#8221;#E44D66&#8243; button_border_width=&#8221;0px&#8221; button_border_color=&#8221;#2B2A5C&#8221; button_border_radius=&#8221;30px&#8221; button_font=&#8221;|600|||||||&#8221; button_use_icon=&#8221;off&#8221; hover_enabled=&#8221;0&#8243; locked=&#8221;off&#8221; global_colors_info=&#8221;{}&#8221; button_border_width__hover=&#8221;3px&#8221; button_border_width__hover_enabled=&#8221;on|hover&#8221; background_layout=&#8221;dark&#8221; button_bg_enable_color=&#8221;on&#8221; sticky_enabled=&#8221;0&#8243;][\/et_pb_button][\/et_pb_column][et_pb_column type=&#8221;3_5&#8243; _builder_version=&#8221;4.16&#8243; _module_preset=&#8221;default&#8221; global_colors_info=&#8221;{}&#8221;][et_pb_image src=&#8221;https:\/\/socialgoodaccelerator.eu\/wp-content\/uploads\/2018\/09\/DNfGAe5WkAE1FI9.jpg&#8221; alt=&#8221;Social Good Accelerator with Fran\u00e7ois Hollande&#8221; title_text=&#8221;DNfGAe5WkAE1FI9&#8243; force_fullwidth=&#8221;on&#8221; disabled_on=&#8221;on|off|off&#8221; _builder_version=&#8221;4.16&#8243; _module_preset=&#8221;default&#8221; custom_margin=&#8221;1px||0px||false|false&#8221; border_radii=&#8221;on|5px|5px|5px|5px&#8221; border_width_all=&#8221;2px&#8221; border_color_all=&#8221;#2B2A5C&#8221; global_colors_info=&#8221;{}&#8221; border_width_all__hover_enabled=&#8221;off|desktop&#8221; border_width_all__hover=&#8221;15px&#8221;][\/et_pb_image][\/et_pb_column][\/et_pb_row][\/et_pb_section]","protected":false},"excerpt":{"rendered":"<p>\u00a0The digital transition of the social economy in the European Union is not sufficiently supported.\u00a0There are many reasons why the social economy is lagging behind in the digital transition The [&hellip;]<\/p>\n","protected":false},"author":1,"featured_media":0,"parent":0,"menu_order":0,"comment_status":"closed","ping_status":"closed","template":"","meta":{"_et_pb_use_builder":"on","_et_pb_old_content":"","_et_gb_content_width":"","jetpack_post_was_ever_published":false,"footnotes":""},"class_list":["post-46784","page","type-page","status-publish","hentry"],"yoast_head":"<!-- This site is optimized with the Yoast SEO plugin v27.3 - https:\/\/yoast.com\/product\/yoast-seo-wordpress\/ -->\n<title>Social Good Accelerator | Our story - SOGA<\/title>\n<meta name=\"description\" content=\"The Social Good Accelerator aims to develop the European digital model in an inclusive, sustainable and accessible way to all by accelerating the digital transition of the social economy and social tech.\" \/>\n<meta name=\"robots\" content=\"index, follow, max-snippet:-1, max-image-preview:large, max-video-preview:-1\" \/>\n<link rel=\"canonical\" href=\"https:\/\/socialgoodaccelerator.eu\/fr\/story\/\" \/>\n<meta property=\"og:locale\" content=\"fr_FR\" \/>\n<meta property=\"og:type\" content=\"article\" \/>\n<meta property=\"og:title\" content=\"Social Good Accelerator | Our story - SOGA\" \/>\n<meta property=\"og:description\" content=\"The Social Good Accelerator aims to develop the European digital model in an inclusive, sustainable and accessible way to all by accelerating the digital transition of the social economy and social tech.\" \/>\n<meta property=\"og:url\" content=\"https:\/\/socialgoodaccelerator.eu\/fr\/story\/\" \/>\n<meta property=\"og:site_name\" content=\"SOGA\" \/>\n<meta property=\"article:publisher\" content=\"https:\/\/www.facebook.com\/SocialGoodAccel.EU\/\" \/>\n<meta property=\"article:modified_time\" content=\"2026-01-13T10:45:57+00:00\" \/>\n<meta name=\"twitter:card\" content=\"summary_large_image\" \/>\n<meta name=\"twitter:label1\" content=\"Dur\u00e9e de lecture estim\u00e9e\" \/>\n\t<meta name=\"twitter:data1\" content=\"2 minutes\" \/>\n<script type=\"application\/ld+json\" class=\"yoast-schema-graph\">{\"@context\":\"https:\\\/\\\/schema.org\",\"@graph\":[{\"@type\":\"WebPage\",\"@id\":\"https:\\\/\\\/socialgoodaccelerator.eu\\\/story\\\/\",\"url\":\"https:\\\/\\\/socialgoodaccelerator.eu\\\/story\\\/\",\"name\":\"Social Good Accelerator | Our story - SOGA\",\"isPartOf\":{\"@id\":\"https:\\\/\\\/socialgoodaccelerator.eu\\\/#website\"},\"datePublished\":\"2018-03-06T12:57:16+00:00\",\"dateModified\":\"2026-01-13T10:45:57+00:00\",\"description\":\"The Social Good Accelerator aims to develop the European digital model in an inclusive, sustainable and accessible way to all by accelerating the digital transition of the social economy and social tech.\",\"breadcrumb\":{\"@id\":\"https:\\\/\\\/socialgoodaccelerator.eu\\\/story\\\/#breadcrumb\"},\"inLanguage\":\"fr-FR\",\"potentialAction\":[{\"@type\":\"ReadAction\",\"target\":[\"https:\\\/\\\/socialgoodaccelerator.eu\\\/story\\\/\"]}]},{\"@type\":\"BreadcrumbList\",\"@id\":\"https:\\\/\\\/socialgoodaccelerator.eu\\\/story\\\/#breadcrumb\",\"itemListElement\":[{\"@type\":\"ListItem\",\"position\":1,\"name\":\"Accueil\",\"item\":\"https:\\\/\\\/socialgoodaccelerator.eu\\\/\"},{\"@type\":\"ListItem\",\"position\":2,\"name\":\"Social Good Accelerator | Our story\"}]},{\"@type\":\"WebSite\",\"@id\":\"https:\\\/\\\/socialgoodaccelerator.eu\\\/#website\",\"url\":\"https:\\\/\\\/socialgoodaccelerator.eu\\\/\",\"name\":\"Social Good Accelerator\",\"description\":\"Acc\u00e9l\u00e9rer l&#039;ESS num\u00e9rique\",\"publisher\":{\"@id\":\"https:\\\/\\\/socialgoodaccelerator.eu\\\/#organization\"},\"alternateName\":\"SOGA\",\"potentialAction\":[{\"@type\":\"SearchAction\",\"target\":{\"@type\":\"EntryPoint\",\"urlTemplate\":\"https:\\\/\\\/socialgoodaccelerator.eu\\\/?s={search_term_string}\"},\"query-input\":{\"@type\":\"PropertyValueSpecification\",\"valueRequired\":true,\"valueName\":\"search_term_string\"}}],\"inLanguage\":\"fr-FR\"},{\"@type\":\"Organization\",\"@id\":\"https:\\\/\\\/socialgoodaccelerator.eu\\\/#organization\",\"name\":\"Social Good Accelerator\",\"alternateName\":\"SOGA\",\"url\":\"https:\\\/\\\/socialgoodaccelerator.eu\\\/\",\"logo\":{\"@type\":\"ImageObject\",\"inLanguage\":\"fr-FR\",\"@id\":\"https:\\\/\\\/socialgoodaccelerator.eu\\\/#\\\/schema\\\/logo\\\/image\\\/\",\"url\":\"https:\\\/\\\/i0.wp.com\\\/socialgoodaccelerator.eu\\\/wp-content\\\/uploads\\\/2023\\\/10\\\/cropped-LOGO-SOGA-V-FR.png?fit=512%2C512&ssl=1\",\"contentUrl\":\"https:\\\/\\\/i0.wp.com\\\/socialgoodaccelerator.eu\\\/wp-content\\\/uploads\\\/2023\\\/10\\\/cropped-LOGO-SOGA-V-FR.png?fit=512%2C512&ssl=1\",\"width\":512,\"height\":512,\"caption\":\"Social Good Accelerator\"},\"image\":{\"@id\":\"https:\\\/\\\/socialgoodaccelerator.eu\\\/#\\\/schema\\\/logo\\\/image\\\/\"},\"sameAs\":[\"https:\\\/\\\/www.facebook.com\\\/SocialGoodAccel.EU\\\/\",\"https:\\\/\\\/www.youtube.com\\\/@socialgoodaccelerator772\",\"https:\\\/\\\/www.youtube.com\\\/@SocialTechAcademy-eg6hp\"]}]}<\/script>\n<!-- \/ Yoast SEO plugin. -->","yoast_head_json":{"title":"Social Good Accelerator | Our story - SOGA","description":"The Social Good Accelerator aims to develop the European digital model in an inclusive, sustainable and accessible way to all by accelerating the digital transition of the social economy and social tech.","robots":{"index":"index","follow":"follow","max-snippet":"max-snippet:-1","max-image-preview":"max-image-preview:large","max-video-preview":"max-video-preview:-1"},"canonical":"https:\/\/socialgoodaccelerator.eu\/fr\/story\/","og_locale":"fr_FR","og_type":"article","og_title":"Social Good Accelerator | Our story - SOGA","og_description":"The Social Good Accelerator aims to develop the European digital model in an inclusive, sustainable and accessible way to all by accelerating the digital transition of the social economy and social tech.","og_url":"https:\/\/socialgoodaccelerator.eu\/fr\/story\/","og_site_name":"SOGA","article_publisher":"https:\/\/www.facebook.com\/SocialGoodAccel.EU\/","article_modified_time":"2026-01-13T10:45:57+00:00","twitter_card":"summary_large_image","twitter_misc":{"Dur\u00e9e de lecture estim\u00e9e":"2 minutes"},"schema":{"@context":"https:\/\/schema.org","@graph":[{"@type":"WebPage","@id":"https:\/\/socialgoodaccelerator.eu\/story\/","url":"https:\/\/socialgoodaccelerator.eu\/story\/","name":"Social Good Accelerator | Our story - SOGA","isPartOf":{"@id":"https:\/\/socialgoodaccelerator.eu\/#website"},"datePublished":"2018-03-06T12:57:16+00:00","dateModified":"2026-01-13T10:45:57+00:00","description":"The Social Good Accelerator aims to develop the European digital model in an inclusive, sustainable and accessible way to all by accelerating the digital transition of the social economy and social tech.","breadcrumb":{"@id":"https:\/\/socialgoodaccelerator.eu\/story\/#breadcrumb"},"inLanguage":"fr-FR","potentialAction":[{"@type":"ReadAction","target":["https:\/\/socialgoodaccelerator.eu\/story\/"]}]},{"@type":"BreadcrumbList","@id":"https:\/\/socialgoodaccelerator.eu\/story\/#breadcrumb","itemListElement":[{"@type":"ListItem","position":1,"name":"Accueil","item":"https:\/\/socialgoodaccelerator.eu\/"},{"@type":"ListItem","position":2,"name":"Social Good Accelerator | Our story"}]},{"@type":"WebSite","@id":"https:\/\/socialgoodaccelerator.eu\/#website","url":"https:\/\/socialgoodaccelerator.eu\/","name":"Social Good Accelerator","description":"Acc\u00e9l\u00e9rer l&#039;ESS num\u00e9rique","publisher":{"@id":"https:\/\/socialgoodaccelerator.eu\/#organization"},"alternateName":"SOGA","potentialAction":[{"@type":"SearchAction","target":{"@type":"EntryPoint","urlTemplate":"https:\/\/socialgoodaccelerator.eu\/?s={search_term_string}"},"query-input":{"@type":"PropertyValueSpecification","valueRequired":true,"valueName":"search_term_string"}}],"inLanguage":"fr-FR"},{"@type":"Organization","@id":"https:\/\/socialgoodaccelerator.eu\/#organization","name":"Social Good Accelerator","alternateName":"SOGA","url":"https:\/\/socialgoodaccelerator.eu\/","logo":{"@type":"ImageObject","inLanguage":"fr-FR","@id":"https:\/\/socialgoodaccelerator.eu\/#\/schema\/logo\/image\/","url":"https:\/\/i0.wp.com\/socialgoodaccelerator.eu\/wp-content\/uploads\/2023\/10\/cropped-LOGO-SOGA-V-FR.png?fit=512%2C512&ssl=1","contentUrl":"https:\/\/i0.wp.com\/socialgoodaccelerator.eu\/wp-content\/uploads\/2023\/10\/cropped-LOGO-SOGA-V-FR.png?fit=512%2C512&ssl=1","width":512,"height":512,"caption":"Social Good Accelerator"},"image":{"@id":"https:\/\/socialgoodaccelerator.eu\/#\/schema\/logo\/image\/"},"sameAs":["https:\/\/www.facebook.com\/SocialGoodAccel.EU\/","https:\/\/www.youtube.com\/@socialgoodaccelerator772","https:\/\/www.youtube.com\/@SocialTechAcademy-eg6hp"]}]}},"jetpack_likes_enabled":true,"jetpack-related-posts":[{"id":53618,"url":"https:\/\/socialgoodaccelerator.eu\/fr\/nec-ess-2024\/","url_meta":{"origin":46784,"position":0},"title":"NEC ESS 2024","author":"sogaccelerator","date":"19 juillet 2024","format":false,"excerpt":"","rel":"","context":"Article similaire","block_context":{"text":"Article similaire","link":""},"img":{"alt_text":"","src":"","width":0,"height":0},"classes":[]},{"id":57664,"url":"https:\/\/socialgoodaccelerator.eu\/fr\/faq\/","url_meta":{"origin":46784,"position":1},"title":"FAQ","author":"sogaccelerator","date":"30 mars 2026","format":false,"excerpt":"","rel":"","context":"Article similaire","block_context":{"text":"Article similaire","link":""},"img":{"alt_text":"","src":"","width":0,"height":0},"classes":[]},{"id":56397,"url":"https:\/\/socialgoodaccelerator.eu\/fr\/","url_meta":{"origin":46784,"position":2},"title":"A-Homepage","author":"sogaccelerator","date":"10 f\u00e9vrier 2026","format":false,"excerpt":"","rel":"","context":"Article similaire","block_context":{"text":"Article similaire","link":""},"img":{"alt_text":"","src":"","width":0,"height":0},"classes":[]},{"id":56260,"url":"https:\/\/socialgoodaccelerator.eu\/fr\/cafes-iassos-reprendre-la-main-sur-ia\/","url_meta":{"origin":46784,"position":3},"title":"Caf\u00e9s IAssos \u2014 Reprendre la main sur l\u2019IA dans l\u2019ESS","author":"sogaccelerator","date":"29 janvier 2026","format":false,"excerpt":"","rel":"","context":"Article similaire","block_context":{"text":"Article similaire","link":""},"img":{"alt_text":"","src":"","width":0,"height":0},"classes":[]},{"id":56837,"url":"https:\/\/socialgoodaccelerator.eu\/fr\/contact\/","url_meta":{"origin":46784,"position":4},"title":"Contacter","author":"sogaccelerator","date":"16 f\u00e9vrier 2026","format":false,"excerpt":"","rel":"","context":"Article similaire","block_context":{"text":"Article similaire","link":""},"img":{"alt_text":"","src":"https:\/\/i0.wp.com\/socialgoodaccelerator.eu\/wp-content\/uploads\/2026\/03\/volodymyr-hryshchenko-V5vqWC9gyEU-unsplash-scaled.jpg?fit=1200%2C800&ssl=1&resize=350%2C200","width":350,"height":200,"srcset":"https:\/\/i0.wp.com\/socialgoodaccelerator.eu\/wp-content\/uploads\/2026\/03\/volodymyr-hryshchenko-V5vqWC9gyEU-unsplash-scaled.jpg?fit=1200%2C800&ssl=1&resize=350%2C200 1x, https:\/\/i0.wp.com\/socialgoodaccelerator.eu\/wp-content\/uploads\/2026\/03\/volodymyr-hryshchenko-V5vqWC9gyEU-unsplash-scaled.jpg?fit=1200%2C800&ssl=1&resize=525%2C300 1.5x, https:\/\/i0.wp.com\/socialgoodaccelerator.eu\/wp-content\/uploads\/2026\/03\/volodymyr-hryshchenko-V5vqWC9gyEU-unsplash-scaled.jpg?fit=1200%2C800&ssl=1&resize=700%2C400 2x, https:\/\/i0.wp.com\/socialgoodaccelerator.eu\/wp-content\/uploads\/2026\/03\/volodymyr-hryshchenko-V5vqWC9gyEU-unsplash-scaled.jpg?fit=1200%2C800&ssl=1&resize=1050%2C600 3x"},"classes":[]},{"id":54028,"url":"https:\/\/socialgoodaccelerator.eu\/fr\/politique-de-confidentialite-et-cookies\/","url_meta":{"origin":46784,"position":5},"title":"W-Politique de confidentialit\u00e9 &#038; cookies (UE)","author":"sogaccelerator","date":"11 septembre 2025","format":false,"excerpt":"","rel":"","context":"Article similaire","block_context":{"text":"Article similaire","link":""},"img":{"alt_text":"","src":"","width":0,"height":0},"classes":[]}],"jetpack_sharing_enabled":true,"jetpack_shortlink":"https:\/\/wp.me\/P9J6Qk-caA","_links":{"self":[{"href":"https:\/\/socialgoodaccelerator.eu\/fr\/wp-json\/wp\/v2\/pages\/46784","targetHints":{"allow":["GET"]}}],"collection":[{"href":"https:\/\/socialgoodaccelerator.eu\/fr\/wp-json\/wp\/v2\/pages"}],"about":[{"href":"https:\/\/socialgoodaccelerator.eu\/fr\/wp-json\/wp\/v2\/types\/page"}],"author":[{"embeddable":true,"href":"https:\/\/socialgoodaccelerator.eu\/fr\/wp-json\/wp\/v2\/users\/1"}],"replies":[{"embeddable":true,"href":"https:\/\/socialgoodaccelerator.eu\/fr\/wp-json\/wp\/v2\/comments?post=46784"}],"version-history":[{"count":81,"href":"https:\/\/socialgoodaccelerator.eu\/fr\/wp-json\/wp\/v2\/pages\/46784\/revisions"}],"predecessor-version":[{"id":56221,"href":"https:\/\/socialgoodaccelerator.eu\/fr\/wp-json\/wp\/v2\/pages\/46784\/revisions\/56221"}],"wp:attachment":[{"href":"https:\/\/socialgoodaccelerator.eu\/fr\/wp-json\/wp\/v2\/media?parent=46784"}],"curies":[{"name":"wp","href":"https:\/\/api.w.org\/{rel}","templated":true}]}}